{"id":3487,"date":"2021-01-05T11:53:39","date_gmt":"2021-01-05T11:53:39","guid":{"rendered":"https:\/\/adriaticpartner.com\/about-us\/"},"modified":"2021-03-03T13:25:50","modified_gmt":"2021-03-03T13:25:50","slug":"o-nama","status":"publish","type":"page","link":"https:\/\/adriaticpartner.com\/hr\/o-nama\/","title":{"rendered":"O nama"},"content":{"rendered":"<p>Adriatic Partner je full service turisti\u010dka agencija koja nudi posebno kreirane turisti\u010dke proizvode i usluge diljem Hrvatske. Imamo urede u Zagrebu i Dubrovniku te organiziramo putovanja od ravnica Slavonije, sjevera, preko Istre do juga Hrvatske. Adriatic Partner dizajnira i koordinira jedinstvene turisti\u010dke proizvode, poput: jedrenja na prekrasnoj Karaci, vinska dru\u017eenja i piknike, privatne ve\u010dere, jahanja, posebno kreirani izleti, avanturisti\u010dke aktivnosti i drugo. Ne vjerujemo u jedinstven koncept, ve\u0107 smo vo\u0111eni idejom kako svaki gost ima svoje \u017eelje, o\u010dekivanja i preference, te slijedom toga, planiramo i dizajniramo jedinstvene do\u017eivljaje. Na\u0161i iskusni profesionalci, s vi\u0161e od par desetlje\u0107a iskustva u turizmu, organizirat \u0107e va\u0161e nezaboravne trenutke u prekrasnoj Hrvatskoj. Na\u0161 cilj je pru\u017eiti najbolju vrijednost za va\u0161 novac. Ostvariti va\u0161e snove. Kreirati jedinstven proizvod. Kontaktirajte nas ve\u0107 danas kako bi kreirali itinerar koji \u0107e vas odu\u0161eviti! Va\u0161 partner u Hrvatskoj &#8211; Adriatic Partner!<\/p>\n<p>&nbsp;<\/p>\n<p><img loading=\"lazy\" decoding=\"async\" class=\"alignnone size-full wp-image-95\" src=\"https:\/\/adriaticpartner.com\/wp-content\/uploads\/2021\/01\/the-company.jpg\" alt=\"\" width=\"970\" height=\"400\" srcset=\"https:\/\/adriaticpartner.com\/wp-content\/uploads\/2021\/01\/the-company.jpg 970w, https:\/\/adriaticpartner.com\/wp-content\/uploads\/2021\/01\/the-company-300x124.jpg 300w, https:\/\/adriaticpartner.com\/wp-content\/uploads\/2021\/01\/the-company-768x317.jpg 768w\" sizes=\"(max-width: 970px) 100vw, 970px\" \/><\/p>\n","protected":false},"excerpt":{"rendered":"<p>Adriatic Partner je full service turisti\u010dka agencija koja nudi posebno kreirane turisti\u010dke proizvode i usluge diljem Hrvatske. Imamo urede u<\/p>\n","protected":false},"author":1,"featured_media":2166,"parent":0,"menu_order":0,"comment_status":"closed","ping_status":"closed","template":"page-templates\/about-page.php","meta":{"footnotes":""},"acf":[],"yoast_head":"<!-- This site is optimized with the Yoast SEO plugin v22.7 - https:\/\/yoast.com\/wordpress\/plugins\/seo\/ -->\r\n<title>O nama - Adriatic Partner<\/title>\r\n<meta name=\"description\" content=\"Adriatic Partner is a full-service travel agency offering tailor made travel products and services throughout Croatia. We have offices in Zagreb and Dubrovnik but we organize tours and journeys all over the country\" \/>\r\n<meta name=\"robots\" content=\"index, follow, max-snippet:-1, max-image-preview:large, max-video-preview:-1\" \/>\r\n<link rel=\"canonical\" href=\"https:\/\/adriaticpartner.com\/hr\/o-nama\/\" \/>\r\n<meta property=\"og:locale\" content=\"hr_HR\" \/>\r\n<meta property=\"og:type\" content=\"article\" \/>\r\n<meta property=\"og:title\" content=\"O nama - Adriatic Partner\" \/>\r\n<meta property=\"og:description\" content=\"Adriatic Partner is a full-service travel agency offering tailor made travel products and services throughout Croatia. We have offices in Zagreb and Dubrovnik but we organize tours and journeys all over the country\" \/>\r\n<meta property=\"og:url\" content=\"https:\/\/adriaticpartner.com\/hr\/o-nama\/\" \/>\r\n<meta property=\"og:site_name\" content=\"Adriatic Partner\" \/>\r\n<meta property=\"article:modified_time\" content=\"2021-03-03T13:25:50+00:00\" \/>\r\n<meta property=\"og:image\" content=\"https:\/\/adriaticpartner.com\/wp-content\/uploads\/2021\/01\/about-us-1.jpg\" \/>\r\n\t<meta property=\"og:image:width\" content=\"1892\" \/>\r\n\t<meta property=\"og:image:height\" content=\"1092\" \/>\r\n\t<meta property=\"og:image:type\" content=\"image\/jpeg\" \/>\r\n<meta name=\"twitter:card\" content=\"summary_large_image\" \/>\r\n<meta name=\"twitter:label1\" content=\"Procijenjeno vrijeme \u010ditanja\" \/>\n\t<meta name=\"twitter:data1\" content=\"1 minuta\" \/>\r\n<script type=\"application\/ld+json\" class=\"yoast-schema-graph\">{\"@context\":\"https:\/\/schema.org\",\"@graph\":[{\"@type\":\"WebPage\",\"@id\":\"https:\/\/adriaticpartner.com\/hr\/o-nama\/\",\"url\":\"https:\/\/adriaticpartner.com\/hr\/o-nama\/\",\"name\":\"O nama - Adriatic Partner\",\"isPartOf\":{\"@id\":\"https:\/\/adriaticpartner.com\/#website\"},\"primaryImageOfPage\":{\"@id\":\"https:\/\/adriaticpartner.com\/hr\/o-nama\/#primaryimage\"},\"image\":{\"@id\":\"https:\/\/adriaticpartner.com\/hr\/o-nama\/#primaryimage\"},\"thumbnailUrl\":\"https:\/\/adriaticpartner.com\/wp-content\/uploads\/2021\/01\/about-us-1.jpg\",\"datePublished\":\"2021-01-05T11:53:39+00:00\",\"dateModified\":\"2021-03-03T13:25:50+00:00\",\"description\":\"Adriatic Partner is a full-service travel agency offering tailor made travel products and services throughout Croatia. We have offices in Zagreb and Dubrovnik but we organize tours and journeys all over the country\",\"breadcrumb\":{\"@id\":\"https:\/\/adriaticpartner.com\/hr\/o-nama\/#breadcrumb\"},\"inLanguage\":\"hr\",\"potentialAction\":[{\"@type\":\"ReadAction\",\"target\":[\"https:\/\/adriaticpartner.com\/hr\/o-nama\/\"]}]},{\"@type\":\"ImageObject\",\"inLanguage\":\"hr\",\"@id\":\"https:\/\/adriaticpartner.com\/hr\/o-nama\/#primaryimage\",\"url\":\"https:\/\/adriaticpartner.com\/wp-content\/uploads\/2021\/01\/about-us-1.jpg\",\"contentUrl\":\"https:\/\/adriaticpartner.com\/wp-content\/uploads\/2021\/01\/about-us-1.jpg\",\"width\":1892,\"height\":1092},{\"@type\":\"BreadcrumbList\",\"@id\":\"https:\/\/adriaticpartner.com\/hr\/o-nama\/#breadcrumb\",\"itemListElement\":[{\"@type\":\"ListItem\",\"position\":1,\"name\":\"Home\",\"item\":\"https:\/\/adriaticpartner.com\/hr\/\"},{\"@type\":\"ListItem\",\"position\":2,\"name\":\"O nama\"}]},{\"@type\":\"WebSite\",\"@id\":\"https:\/\/adriaticpartner.com\/#website\",\"url\":\"https:\/\/adriaticpartner.com\/\",\"name\":\"Adriatic Partner\",\"description\":\"\",\"publisher\":{\"@id\":\"https:\/\/adriaticpartner.com\/#organization\"},\"potentialAction\":[{\"@type\":\"SearchAction\",\"target\":{\"@type\":\"EntryPoint\",\"urlTemplate\":\"https:\/\/adriaticpartner.com\/?s={search_term_string}\"},\"query-input\":\"required name=search_term_string\"}],\"inLanguage\":\"hr\"},{\"@type\":\"Organization\",\"@id\":\"https:\/\/adriaticpartner.com\/#organization\",\"name\":\"Adriatic Partner\",\"url\":\"https:\/\/adriaticpartner.com\/\",\"logo\":{\"@type\":\"ImageObject\",\"inLanguage\":\"hr\",\"@id\":\"https:\/\/adriaticpartner.com\/#\/schema\/logo\/image\/\",\"url\":\"https:\/\/adriaticpartner.com\/wp-content\/uploads\/2021\/02\/logo-final.png\",\"contentUrl\":\"https:\/\/adriaticpartner.com\/wp-content\/uploads\/2021\/02\/logo-final.png\",\"width\":1990,\"height\":458,\"caption\":\"Adriatic Partner\"},\"image\":{\"@id\":\"https:\/\/adriaticpartner.com\/#\/schema\/logo\/image\/\"}}]}<\/script>\r\n<!-- \/ Yoast SEO plugin. -->","yoast_head_json":{"title":"O nama - Adriatic Partner","description":"Adriatic Partner is a full-service travel agency offering tailor made travel products and services throughout Croatia. We have offices in Zagreb and Dubrovnik but we organize tours and journeys all over the country","robots":{"index":"index","follow":"follow","max-snippet":"max-snippet:-1","max-image-preview":"max-image-preview:large","max-video-preview":"max-video-preview:-1"},"canonical":"https:\/\/adriaticpartner.com\/hr\/o-nama\/","og_locale":"hr_HR","og_type":"article","og_title":"O nama - Adriatic Partner","og_description":"Adriatic Partner is a full-service travel agency offering tailor made travel products and services throughout Croatia. We have offices in Zagreb and Dubrovnik but we organize tours and journeys all over the country","og_url":"https:\/\/adriaticpartner.com\/hr\/o-nama\/","og_site_name":"Adriatic Partner","article_modified_time":"2021-03-03T13:25:50+00:00","og_image":[{"width":1892,"height":1092,"url":"https:\/\/adriaticpartner.com\/wp-content\/uploads\/2021\/01\/about-us-1.jpg","type":"image\/jpeg"}],"twitter_card":"summary_large_image","twitter_misc":{"Procijenjeno vrijeme \u010ditanja":"1 minuta"},"schema":{"@context":"https:\/\/schema.org","@graph":[{"@type":"WebPage","@id":"https:\/\/adriaticpartner.com\/hr\/o-nama\/","url":"https:\/\/adriaticpartner.com\/hr\/o-nama\/","name":"O nama - Adriatic Partner","isPartOf":{"@id":"https:\/\/adriaticpartner.com\/#website"},"primaryImageOfPage":{"@id":"https:\/\/adriaticpartner.com\/hr\/o-nama\/#primaryimage"},"image":{"@id":"https:\/\/adriaticpartner.com\/hr\/o-nama\/#primaryimage"},"thumbnailUrl":"https:\/\/adriaticpartner.com\/wp-content\/uploads\/2021\/01\/about-us-1.jpg","datePublished":"2021-01-05T11:53:39+00:00","dateModified":"2021-03-03T13:25:50+00:00","description":"Adriatic Partner is a full-service travel agency offering tailor made travel products and services throughout Croatia. We have offices in Zagreb and Dubrovnik but we organize tours and journeys all over the country","breadcrumb":{"@id":"https:\/\/adriaticpartner.com\/hr\/o-nama\/#breadcrumb"},"inLanguage":"hr","potentialAction":[{"@type":"ReadAction","target":["https:\/\/adriaticpartner.com\/hr\/o-nama\/"]}]},{"@type":"ImageObject","inLanguage":"hr","@id":"https:\/\/adriaticpartner.com\/hr\/o-nama\/#primaryimage","url":"https:\/\/adriaticpartner.com\/wp-content\/uploads\/2021\/01\/about-us-1.jpg","contentUrl":"https:\/\/adriaticpartner.com\/wp-content\/uploads\/2021\/01\/about-us-1.jpg","width":1892,"height":1092},{"@type":"BreadcrumbList","@id":"https:\/\/adriaticpartner.com\/hr\/o-nama\/#breadcrumb","itemListElement":[{"@type":"ListItem","position":1,"name":"Home","item":"https:\/\/adriaticpartner.com\/hr\/"},{"@type":"ListItem","position":2,"name":"O nama"}]},{"@type":"WebSite","@id":"https:\/\/adriaticpartner.com\/#website","url":"https:\/\/adriaticpartner.com\/","name":"Adriatic Partner","description":"","publisher":{"@id":"https:\/\/adriaticpartner.com\/#organization"},"potentialAction":[{"@type":"SearchAction","target":{"@type":"EntryPoint","urlTemplate":"https:\/\/adriaticpartner.com\/?s={search_term_string}"},"query-input":"required name=search_term_string"}],"inLanguage":"hr"},{"@type":"Organization","@id":"https:\/\/adriaticpartner.com\/#organization","name":"Adriatic Partner","url":"https:\/\/adriaticpartner.com\/","logo":{"@type":"ImageObject","inLanguage":"hr","@id":"https:\/\/adriaticpartner.com\/#\/schema\/logo\/image\/","url":"https:\/\/adriaticpartner.com\/wp-content\/uploads\/2021\/02\/logo-final.png","contentUrl":"https:\/\/adriaticpartner.com\/wp-content\/uploads\/2021\/02\/logo-final.png","width":1990,"height":458,"caption":"Adriatic Partner"},"image":{"@id":"https:\/\/adriaticpartner.com\/#\/schema\/logo\/image\/"}}]}},"_links":{"self":[{"href":"https:\/\/adriaticpartner.com\/hr\/wp-json\/wp\/v2\/pages\/3487"}],"collection":[{"href":"https:\/\/adriaticpartner.com\/hr\/wp-json\/wp\/v2\/pages"}],"about":[{"href":"https:\/\/adriaticpartner.com\/hr\/wp-json\/wp\/v2\/types\/page"}],"author":[{"embeddable":true,"href":"https:\/\/adriaticpartner.com\/hr\/wp-json\/wp\/v2\/users\/1"}],"replies":[{"embeddable":true,"href":"https:\/\/adriaticpartner.com\/hr\/wp-json\/wp\/v2\/comments?post=3487"}],"version-history":[{"count":4,"href":"https:\/\/adriaticpartner.com\/hr\/wp-json\/wp\/v2\/pages\/3487\/revisions"}],"predecessor-version":[{"id":3840,"href":"https:\/\/adriaticpartner.com\/hr\/wp-json\/wp\/v2\/pages\/3487\/revisions\/3840"}],"wp:featuredmedia":[{"embeddable":true,"href":"https:\/\/adriaticpartner.com\/hr\/wp-json\/wp\/v2\/media\/2166"}],"wp:attachment":[{"href":"https:\/\/adriaticpartner.com\/hr\/wp-json\/wp\/v2\/media?parent=3487"}],"curies":[{"name":"wp","href":"https:\/\/api.w.org\/{rel}","templated":true}]}}