{"id":3844,"date":"2021-01-09T08:26:18","date_gmt":"2021-01-09T08:26:18","guid":{"rendered":"https:\/\/adriaticpartner.com\/destinations\/dubrovnik\/"},"modified":"2021-05-05T16:01:33","modified_gmt":"2021-05-05T16:01:33","slug":"dubrovnik","status":"publish","type":"page","link":"https:\/\/adriaticpartner.com\/hr\/destinations\/dubrovnik\/","title":{"rendered":"Dubrovnik"},"content":{"rendered":"<p>Okru\u017een jedinstvenim srednjovjekovnim zidinama, Dubrovnik je jedna od Europskih najpoznatijih destinacija. Nadaleko je pozat po svojoj bogatoj povijesti i kulturi ali i zadivljuju\u0107oj ljepoti koja nikog ne ostavlja ravnodu\u0161nim. Toliko je toga za vijdeti i do\u017eivjeti u \u010darobnom Dubrovniku. Danas je Dubrovnik prepoznat diljem svijeta kao kulisa za glavni grad Sedam kraljevstva iz planetarno popularne Igre prijestolja. Ali, ovaj biser Jadrana je mnogo vi\u0161e od toga. Dubrova\u010dke slavne zidine, katedrala, fontane i ulice, pri\u010daju pri\u010de iz bogate dubrova\u010dke povijesti od sedmog stolje\u0107a do danas. Slavni irski dramati\u010dar, George Bernard Shaw izjavio je jednom prilikom: &#8216;\u017delite li vidjeti raj na zemlji, do\u0111ite u Dubrovnik.&#8217;<\/p>\n","protected":false},"excerpt":{"rendered":"<p>Okru\u017een jedinstvenim srednjovjekovnim zidinama, Dubrovnik je jedna od Europskih najpoznatijih destinacija. Nadaleko je pozat po svojoj bogatoj povijesti i kulturi<\/p>\n","protected":false},"author":1,"featured_media":1446,"parent":3841,"menu_order":0,"comment_status":"closed","ping_status":"closed","template":"page-templates\/destination-dubrovnik.php","meta":{"footnotes":""},"acf":[],"yoast_head":"<!-- This site is optimized with the Yoast SEO plugin v22.7 - https:\/\/yoast.com\/wordpress\/plugins\/seo\/ -->\r\n<title>Dubrovnik - Adriatic Partner<\/title>\r\n<meta name=\"description\" content=\"The medieval city of Dubrovnik is one of Europe&#039;s most visited destinations, famous for its rich history, culture and out of this world sights\" \/>\r\n<meta name=\"robots\" content=\"index, follow, max-snippet:-1, max-image-preview:large, max-video-preview:-1\" \/>\r\n<link rel=\"canonical\" href=\"https:\/\/adriaticpartner.com\/hr\/destinations\/dubrovnik\/\" \/>\r\n<meta property=\"og:locale\" content=\"hr_HR\" \/>\r\n<meta property=\"og:type\" content=\"article\" \/>\r\n<meta property=\"og:title\" content=\"Dubrovnik - Adriatic Partner\" \/>\r\n<meta property=\"og:description\" content=\"The medieval city of Dubrovnik is one of Europe&#039;s most visited destinations, famous for its rich history, culture and out of this world sights\" \/>\r\n<meta property=\"og:url\" content=\"https:\/\/adriaticpartner.com\/hr\/destinations\/dubrovnik\/\" \/>\r\n<meta property=\"og:site_name\" content=\"Adriatic Partner\" \/>\r\n<meta property=\"article:modified_time\" content=\"2021-05-05T16:01:33+00:00\" \/>\r\n<meta property=\"og:image\" content=\"https:\/\/adriaticpartner.com\/wp-content\/uploads\/2021\/01\/dubrovnik-4.jpg\" \/>\r\n\t<meta property=\"og:image:width\" content=\"1920\" \/>\r\n\t<meta property=\"og:image:height\" content=\"1279\" \/>\r\n\t<meta property=\"og:image:type\" content=\"image\/jpeg\" \/>\r\n<meta name=\"twitter:card\" content=\"summary_large_image\" \/>\r\n<meta name=\"twitter:label1\" content=\"Procijenjeno vrijeme \u010ditanja\" \/>\n\t<meta name=\"twitter:data1\" content=\"1 minuta\" \/>\r\n<script type=\"application\/ld+json\" class=\"yoast-schema-graph\">{\"@context\":\"https:\/\/schema.org\",\"@graph\":[{\"@type\":\"WebPage\",\"@id\":\"https:\/\/adriaticpartner.com\/hr\/destinations\/dubrovnik\/\",\"url\":\"https:\/\/adriaticpartner.com\/hr\/destinations\/dubrovnik\/\",\"name\":\"Dubrovnik - Adriatic Partner\",\"isPartOf\":{\"@id\":\"https:\/\/adriaticpartner.com\/#website\"},\"primaryImageOfPage\":{\"@id\":\"https:\/\/adriaticpartner.com\/hr\/destinations\/dubrovnik\/#primaryimage\"},\"image\":{\"@id\":\"https:\/\/adriaticpartner.com\/hr\/destinations\/dubrovnik\/#primaryimage\"},\"thumbnailUrl\":\"https:\/\/adriaticpartner.com\/wp-content\/uploads\/2021\/01\/dubrovnik-4.jpg\",\"datePublished\":\"2021-01-09T08:26:18+00:00\",\"dateModified\":\"2021-05-05T16:01:33+00:00\",\"description\":\"The medieval city of Dubrovnik is one of Europe's most visited destinations, famous for its rich history, culture and out of this world sights\",\"breadcrumb\":{\"@id\":\"https:\/\/adriaticpartner.com\/hr\/destinations\/dubrovnik\/#breadcrumb\"},\"inLanguage\":\"hr\",\"potentialAction\":[{\"@type\":\"ReadAction\",\"target\":[\"https:\/\/adriaticpartner.com\/hr\/destinations\/dubrovnik\/\"]}]},{\"@type\":\"ImageObject\",\"inLanguage\":\"hr\",\"@id\":\"https:\/\/adriaticpartner.com\/hr\/destinations\/dubrovnik\/#primaryimage\",\"url\":\"https:\/\/adriaticpartner.com\/wp-content\/uploads\/2021\/01\/dubrovnik-4.jpg\",\"contentUrl\":\"https:\/\/adriaticpartner.com\/wp-content\/uploads\/2021\/01\/dubrovnik-4.jpg\",\"width\":1920,\"height\":1279},{\"@type\":\"BreadcrumbList\",\"@id\":\"https:\/\/adriaticpartner.com\/hr\/destinations\/dubrovnik\/#breadcrumb\",\"itemListElement\":[{\"@type\":\"ListItem\",\"position\":1,\"name\":\"Home\",\"item\":\"https:\/\/adriaticpartner.com\/hr\/\"},{\"@type\":\"ListItem\",\"position\":2,\"name\":\"Destinacije\",\"item\":\"https:\/\/adriaticpartner.com\/hr\/destinations\/\"},{\"@type\":\"ListItem\",\"position\":3,\"name\":\"Dubrovnik\"}]},{\"@type\":\"WebSite\",\"@id\":\"https:\/\/adriaticpartner.com\/#website\",\"url\":\"https:\/\/adriaticpartner.com\/\",\"name\":\"Adriatic Partner\",\"description\":\"\",\"publisher\":{\"@id\":\"https:\/\/adriaticpartner.com\/#organization\"},\"potentialAction\":[{\"@type\":\"SearchAction\",\"target\":{\"@type\":\"EntryPoint\",\"urlTemplate\":\"https:\/\/adriaticpartner.com\/?s={search_term_string}\"},\"query-input\":\"required name=search_term_string\"}],\"inLanguage\":\"hr\"},{\"@type\":\"Organization\",\"@id\":\"https:\/\/adriaticpartner.com\/#organization\",\"name\":\"Adriatic Partner\",\"url\":\"https:\/\/adriaticpartner.com\/\",\"logo\":{\"@type\":\"ImageObject\",\"inLanguage\":\"hr\",\"@id\":\"https:\/\/adriaticpartner.com\/#\/schema\/logo\/image\/\",\"url\":\"https:\/\/adriaticpartner.com\/wp-content\/uploads\/2021\/02\/logo-final.png\",\"contentUrl\":\"https:\/\/adriaticpartner.com\/wp-content\/uploads\/2021\/02\/logo-final.png\",\"width\":1990,\"height\":458,\"caption\":\"Adriatic Partner\"},\"image\":{\"@id\":\"https:\/\/adriaticpartner.com\/#\/schema\/logo\/image\/\"}}]}<\/script>\r\n<!-- \/ Yoast SEO plugin. -->","yoast_head_json":{"title":"Dubrovnik - Adriatic Partner","description":"The medieval city of Dubrovnik is one of Europe's most visited destinations, famous for its rich history, culture and out of this world sights","robots":{"index":"index","follow":"follow","max-snippet":"max-snippet:-1","max-image-preview":"max-image-preview:large","max-video-preview":"max-video-preview:-1"},"canonical":"https:\/\/adriaticpartner.com\/hr\/destinations\/dubrovnik\/","og_locale":"hr_HR","og_type":"article","og_title":"Dubrovnik - Adriatic Partner","og_description":"The medieval city of Dubrovnik is one of Europe's most visited destinations, famous for its rich history, culture and out of this world sights","og_url":"https:\/\/adriaticpartner.com\/hr\/destinations\/dubrovnik\/","og_site_name":"Adriatic Partner","article_modified_time":"2021-05-05T16:01:33+00:00","og_image":[{"width":1920,"height":1279,"url":"https:\/\/adriaticpartner.com\/wp-content\/uploads\/2021\/01\/dubrovnik-4.jpg","type":"image\/jpeg"}],"twitter_card":"summary_large_image","twitter_misc":{"Procijenjeno vrijeme \u010ditanja":"1 minuta"},"schema":{"@context":"https:\/\/schema.org","@graph":[{"@type":"WebPage","@id":"https:\/\/adriaticpartner.com\/hr\/destinations\/dubrovnik\/","url":"https:\/\/adriaticpartner.com\/hr\/destinations\/dubrovnik\/","name":"Dubrovnik - Adriatic Partner","isPartOf":{"@id":"https:\/\/adriaticpartner.com\/#website"},"primaryImageOfPage":{"@id":"https:\/\/adriaticpartner.com\/hr\/destinations\/dubrovnik\/#primaryimage"},"image":{"@id":"https:\/\/adriaticpartner.com\/hr\/destinations\/dubrovnik\/#primaryimage"},"thumbnailUrl":"https:\/\/adriaticpartner.com\/wp-content\/uploads\/2021\/01\/dubrovnik-4.jpg","datePublished":"2021-01-09T08:26:18+00:00","dateModified":"2021-05-05T16:01:33+00:00","description":"The medieval city of Dubrovnik is one of Europe's most visited destinations, famous for its rich history, culture and out of this world sights","breadcrumb":{"@id":"https:\/\/adriaticpartner.com\/hr\/destinations\/dubrovnik\/#breadcrumb"},"inLanguage":"hr","potentialAction":[{"@type":"ReadAction","target":["https:\/\/adriaticpartner.com\/hr\/destinations\/dubrovnik\/"]}]},{"@type":"ImageObject","inLanguage":"hr","@id":"https:\/\/adriaticpartner.com\/hr\/destinations\/dubrovnik\/#primaryimage","url":"https:\/\/adriaticpartner.com\/wp-content\/uploads\/2021\/01\/dubrovnik-4.jpg","contentUrl":"https:\/\/adriaticpartner.com\/wp-content\/uploads\/2021\/01\/dubrovnik-4.jpg","width":1920,"height":1279},{"@type":"BreadcrumbList","@id":"https:\/\/adriaticpartner.com\/hr\/destinations\/dubrovnik\/#breadcrumb","itemListElement":[{"@type":"ListItem","position":1,"name":"Home","item":"https:\/\/adriaticpartner.com\/hr\/"},{"@type":"ListItem","position":2,"name":"Destinacije","item":"https:\/\/adriaticpartner.com\/hr\/destinations\/"},{"@type":"ListItem","position":3,"name":"Dubrovnik"}]},{"@type":"WebSite","@id":"https:\/\/adriaticpartner.com\/#website","url":"https:\/\/adriaticpartner.com\/","name":"Adriatic Partner","description":"","publisher":{"@id":"https:\/\/adriaticpartner.com\/#organization"},"potentialAction":[{"@type":"SearchAction","target":{"@type":"EntryPoint","urlTemplate":"https:\/\/adriaticpartner.com\/?s={search_term_string}"},"query-input":"required name=search_term_string"}],"inLanguage":"hr"},{"@type":"Organization","@id":"https:\/\/adriaticpartner.com\/#organization","name":"Adriatic Partner","url":"https:\/\/adriaticpartner.com\/","logo":{"@type":"ImageObject","inLanguage":"hr","@id":"https:\/\/adriaticpartner.com\/#\/schema\/logo\/image\/","url":"https:\/\/adriaticpartner.com\/wp-content\/uploads\/2021\/02\/logo-final.png","contentUrl":"https:\/\/adriaticpartner.com\/wp-content\/uploads\/2021\/02\/logo-final.png","width":1990,"height":458,"caption":"Adriatic Partner"},"image":{"@id":"https:\/\/adriaticpartner.com\/#\/schema\/logo\/image\/"}}]}},"_links":{"self":[{"href":"https:\/\/adriaticpartner.com\/hr\/wp-json\/wp\/v2\/pages\/3844"}],"collection":[{"href":"https:\/\/adriaticpartner.com\/hr\/wp-json\/wp\/v2\/pages"}],"about":[{"href":"https:\/\/adriaticpartner.com\/hr\/wp-json\/wp\/v2\/types\/page"}],"author":[{"embeddable":true,"href":"https:\/\/adriaticpartner.com\/hr\/wp-json\/wp\/v2\/users\/1"}],"replies":[{"embeddable":true,"href":"https:\/\/adriaticpartner.com\/hr\/wp-json\/wp\/v2\/comments?post=3844"}],"version-history":[{"count":4,"href":"https:\/\/adriaticpartner.com\/hr\/wp-json\/wp\/v2\/pages\/3844\/revisions"}],"predecessor-version":[{"id":4233,"href":"https:\/\/adriaticpartner.com\/hr\/wp-json\/wp\/v2\/pages\/3844\/revisions\/4233"}],"up":[{"embeddable":true,"href":"https:\/\/adriaticpartner.com\/hr\/wp-json\/wp\/v2\/pages\/3841"}],"wp:featuredmedia":[{"embeddable":true,"href":"https:\/\/adriaticpartner.com\/hr\/wp-json\/wp\/v2\/media\/1446"}],"wp:attachment":[{"href":"https:\/\/adriaticpartner.com\/hr\/wp-json\/wp\/v2\/media?parent=3844"}],"curies":[{"name":"wp","href":"https:\/\/api.w.org\/{rel}","templated":true}]}}