{"id":3857,"date":"2021-01-22T13:14:50","date_gmt":"2021-01-22T13:14:50","guid":{"rendered":"https:\/\/adriaticpartner.com\/destinations\/split-hinterland\/"},"modified":"2021-03-09T21:11:01","modified_gmt":"2021-03-09T21:11:01","slug":"split-hinterland","status":"publish","type":"page","link":"https:\/\/adriaticpartner.com\/hr\/destinations\/split-hinterland\/","title":{"rendered":"Zale\u0111e Splita"},"content":{"rendered":"<p>Dalmatinska zagora i zale\u0111e Splita jedinstvena je regija Hrvatske koja jo\u0161 nije u potpunosti otkrivena. Prekrasne staze, polja, kolibe, ali i impresivne vile s bazenima, smje\u0161teni su u ovom predivnom krajoliku. Adriatic Partner vas poziva da istra\u017eite ljepotu zale\u0111a Splita &#8211; toliko je toga lijepog i zanimljivog za vidjeti i posjetiti.<\/p>\n","protected":false},"excerpt":{"rendered":"<p>Dalmatinska zagora i zale\u0111e Splita jedinstvena je regija Hrvatske koja jo\u0161 nije u potpunosti otkrivena. Prekrasne staze, polja, kolibe, ali<\/p>\n","protected":false},"author":1,"featured_media":2246,"parent":3841,"menu_order":0,"comment_status":"closed","ping_status":"closed","template":"page-templates\/destination-zagreb.php","meta":{"footnotes":""},"acf":[],"yoast_head":"<!-- This site is optimized with the Yoast SEO plugin v22.7 - https:\/\/yoast.com\/wordpress\/plugins\/seo\/ -->\r\n<title>Zale\u0111e Splita - Adriatic Partner<\/title>\r\n<meta name=\"description\" content=\"Split hinterland is a region of Croatia that are yet to be discovered. Adriatic partner invites you to discover the Split hinterland\" \/>\r\n<meta name=\"robots\" content=\"index, follow, max-snippet:-1, max-image-preview:large, max-video-preview:-1\" \/>\r\n<link rel=\"canonical\" href=\"https:\/\/adriaticpartner.com\/hr\/destinations\/split-hinterland\/\" \/>\r\n<meta property=\"og:locale\" content=\"hr_HR\" \/>\r\n<meta property=\"og:type\" content=\"article\" \/>\r\n<meta property=\"og:title\" content=\"Zale\u0111e Splita - Adriatic Partner\" \/>\r\n<meta property=\"og:description\" content=\"Split hinterland is a region of Croatia that are yet to be discovered. Adriatic partner invites you to discover the Split hinterland\" \/>\r\n<meta property=\"og:url\" content=\"https:\/\/adriaticpartner.com\/hr\/destinations\/split-hinterland\/\" \/>\r\n<meta property=\"og:site_name\" content=\"Adriatic Partner\" \/>\r\n<meta property=\"article:modified_time\" content=\"2021-03-09T21:11:01+00:00\" \/>\r\n<meta property=\"og:image\" content=\"https:\/\/adriaticpartner.com\/wp-content\/uploads\/2021\/01\/imotski.jpg\" \/>\r\n\t<meta property=\"og:image:width\" content=\"1900\" \/>\r\n\t<meta property=\"og:image:height\" content=\"900\" \/>\r\n\t<meta property=\"og:image:type\" content=\"image\/jpeg\" \/>\r\n<meta name=\"twitter:card\" content=\"summary_large_image\" \/>\r\n<meta name=\"twitter:label1\" content=\"Procijenjeno vrijeme \u010ditanja\" \/>\n\t<meta name=\"twitter:data1\" content=\"1 minuta\" \/>\r\n<script type=\"application\/ld+json\" class=\"yoast-schema-graph\">{\"@context\":\"https:\/\/schema.org\",\"@graph\":[{\"@type\":\"WebPage\",\"@id\":\"https:\/\/adriaticpartner.com\/hr\/destinations\/split-hinterland\/\",\"url\":\"https:\/\/adriaticpartner.com\/hr\/destinations\/split-hinterland\/\",\"name\":\"Zale\u0111e Splita - Adriatic Partner\",\"isPartOf\":{\"@id\":\"https:\/\/adriaticpartner.com\/#website\"},\"primaryImageOfPage\":{\"@id\":\"https:\/\/adriaticpartner.com\/hr\/destinations\/split-hinterland\/#primaryimage\"},\"image\":{\"@id\":\"https:\/\/adriaticpartner.com\/hr\/destinations\/split-hinterland\/#primaryimage\"},\"thumbnailUrl\":\"https:\/\/adriaticpartner.com\/wp-content\/uploads\/2021\/01\/imotski.jpg\",\"datePublished\":\"2021-01-22T13:14:50+00:00\",\"dateModified\":\"2021-03-09T21:11:01+00:00\",\"description\":\"Split hinterland is a region of Croatia that are yet to be discovered. Adriatic partner invites you to discover the Split hinterland\",\"breadcrumb\":{\"@id\":\"https:\/\/adriaticpartner.com\/hr\/destinations\/split-hinterland\/#breadcrumb\"},\"inLanguage\":\"hr\",\"potentialAction\":[{\"@type\":\"ReadAction\",\"target\":[\"https:\/\/adriaticpartner.com\/hr\/destinations\/split-hinterland\/\"]}]},{\"@type\":\"ImageObject\",\"inLanguage\":\"hr\",\"@id\":\"https:\/\/adriaticpartner.com\/hr\/destinations\/split-hinterland\/#primaryimage\",\"url\":\"https:\/\/adriaticpartner.com\/wp-content\/uploads\/2021\/01\/imotski.jpg\",\"contentUrl\":\"https:\/\/adriaticpartner.com\/wp-content\/uploads\/2021\/01\/imotski.jpg\",\"width\":1900,\"height\":900},{\"@type\":\"BreadcrumbList\",\"@id\":\"https:\/\/adriaticpartner.com\/hr\/destinations\/split-hinterland\/#breadcrumb\",\"itemListElement\":[{\"@type\":\"ListItem\",\"position\":1,\"name\":\"Home\",\"item\":\"https:\/\/adriaticpartner.com\/hr\/\"},{\"@type\":\"ListItem\",\"position\":2,\"name\":\"Destinacije\",\"item\":\"https:\/\/adriaticpartner.com\/hr\/destinations\/\"},{\"@type\":\"ListItem\",\"position\":3,\"name\":\"Zale\u0111e Splita\"}]},{\"@type\":\"WebSite\",\"@id\":\"https:\/\/adriaticpartner.com\/#website\",\"url\":\"https:\/\/adriaticpartner.com\/\",\"name\":\"Adriatic Partner\",\"description\":\"\",\"publisher\":{\"@id\":\"https:\/\/adriaticpartner.com\/#organization\"},\"potentialAction\":[{\"@type\":\"SearchAction\",\"target\":{\"@type\":\"EntryPoint\",\"urlTemplate\":\"https:\/\/adriaticpartner.com\/?s={search_term_string}\"},\"query-input\":\"required name=search_term_string\"}],\"inLanguage\":\"hr\"},{\"@type\":\"Organization\",\"@id\":\"https:\/\/adriaticpartner.com\/#organization\",\"name\":\"Adriatic Partner\",\"url\":\"https:\/\/adriaticpartner.com\/\",\"logo\":{\"@type\":\"ImageObject\",\"inLanguage\":\"hr\",\"@id\":\"https:\/\/adriaticpartner.com\/#\/schema\/logo\/image\/\",\"url\":\"https:\/\/adriaticpartner.com\/wp-content\/uploads\/2021\/02\/logo-final.png\",\"contentUrl\":\"https:\/\/adriaticpartner.com\/wp-content\/uploads\/2021\/02\/logo-final.png\",\"width\":1990,\"height\":458,\"caption\":\"Adriatic Partner\"},\"image\":{\"@id\":\"https:\/\/adriaticpartner.com\/#\/schema\/logo\/image\/\"}}]}<\/script>\r\n<!-- \/ Yoast SEO plugin. -->","yoast_head_json":{"title":"Zale\u0111e Splita - Adriatic Partner","description":"Split hinterland is a region of Croatia that are yet to be discovered. Adriatic partner invites you to discover the Split hinterland","robots":{"index":"index","follow":"follow","max-snippet":"max-snippet:-1","max-image-preview":"max-image-preview:large","max-video-preview":"max-video-preview:-1"},"canonical":"https:\/\/adriaticpartner.com\/hr\/destinations\/split-hinterland\/","og_locale":"hr_HR","og_type":"article","og_title":"Zale\u0111e Splita - Adriatic Partner","og_description":"Split hinterland is a region of Croatia that are yet to be discovered. Adriatic partner invites you to discover the Split hinterland","og_url":"https:\/\/adriaticpartner.com\/hr\/destinations\/split-hinterland\/","og_site_name":"Adriatic Partner","article_modified_time":"2021-03-09T21:11:01+00:00","og_image":[{"width":1900,"height":900,"url":"https:\/\/adriaticpartner.com\/wp-content\/uploads\/2021\/01\/imotski.jpg","type":"image\/jpeg"}],"twitter_card":"summary_large_image","twitter_misc":{"Procijenjeno vrijeme \u010ditanja":"1 minuta"},"schema":{"@context":"https:\/\/schema.org","@graph":[{"@type":"WebPage","@id":"https:\/\/adriaticpartner.com\/hr\/destinations\/split-hinterland\/","url":"https:\/\/adriaticpartner.com\/hr\/destinations\/split-hinterland\/","name":"Zale\u0111e Splita - Adriatic Partner","isPartOf":{"@id":"https:\/\/adriaticpartner.com\/#website"},"primaryImageOfPage":{"@id":"https:\/\/adriaticpartner.com\/hr\/destinations\/split-hinterland\/#primaryimage"},"image":{"@id":"https:\/\/adriaticpartner.com\/hr\/destinations\/split-hinterland\/#primaryimage"},"thumbnailUrl":"https:\/\/adriaticpartner.com\/wp-content\/uploads\/2021\/01\/imotski.jpg","datePublished":"2021-01-22T13:14:50+00:00","dateModified":"2021-03-09T21:11:01+00:00","description":"Split hinterland is a region of Croatia that are yet to be discovered. Adriatic partner invites you to discover the Split hinterland","breadcrumb":{"@id":"https:\/\/adriaticpartner.com\/hr\/destinations\/split-hinterland\/#breadcrumb"},"inLanguage":"hr","potentialAction":[{"@type":"ReadAction","target":["https:\/\/adriaticpartner.com\/hr\/destinations\/split-hinterland\/"]}]},{"@type":"ImageObject","inLanguage":"hr","@id":"https:\/\/adriaticpartner.com\/hr\/destinations\/split-hinterland\/#primaryimage","url":"https:\/\/adriaticpartner.com\/wp-content\/uploads\/2021\/01\/imotski.jpg","contentUrl":"https:\/\/adriaticpartner.com\/wp-content\/uploads\/2021\/01\/imotski.jpg","width":1900,"height":900},{"@type":"BreadcrumbList","@id":"https:\/\/adriaticpartner.com\/hr\/destinations\/split-hinterland\/#breadcrumb","itemListElement":[{"@type":"ListItem","position":1,"name":"Home","item":"https:\/\/adriaticpartner.com\/hr\/"},{"@type":"ListItem","position":2,"name":"Destinacije","item":"https:\/\/adriaticpartner.com\/hr\/destinations\/"},{"@type":"ListItem","position":3,"name":"Zale\u0111e Splita"}]},{"@type":"WebSite","@id":"https:\/\/adriaticpartner.com\/#website","url":"https:\/\/adriaticpartner.com\/","name":"Adriatic Partner","description":"","publisher":{"@id":"https:\/\/adriaticpartner.com\/#organization"},"potentialAction":[{"@type":"SearchAction","target":{"@type":"EntryPoint","urlTemplate":"https:\/\/adriaticpartner.com\/?s={search_term_string}"},"query-input":"required name=search_term_string"}],"inLanguage":"hr"},{"@type":"Organization","@id":"https:\/\/adriaticpartner.com\/#organization","name":"Adriatic Partner","url":"https:\/\/adriaticpartner.com\/","logo":{"@type":"ImageObject","inLanguage":"hr","@id":"https:\/\/adriaticpartner.com\/#\/schema\/logo\/image\/","url":"https:\/\/adriaticpartner.com\/wp-content\/uploads\/2021\/02\/logo-final.png","contentUrl":"https:\/\/adriaticpartner.com\/wp-content\/uploads\/2021\/02\/logo-final.png","width":1990,"height":458,"caption":"Adriatic Partner"},"image":{"@id":"https:\/\/adriaticpartner.com\/#\/schema\/logo\/image\/"}}]}},"_links":{"self":[{"href":"https:\/\/adriaticpartner.com\/hr\/wp-json\/wp\/v2\/pages\/3857"}],"collection":[{"href":"https:\/\/adriaticpartner.com\/hr\/wp-json\/wp\/v2\/pages"}],"about":[{"href":"https:\/\/adriaticpartner.com\/hr\/wp-json\/wp\/v2\/types\/page"}],"author":[{"embeddable":true,"href":"https:\/\/adriaticpartner.com\/hr\/wp-json\/wp\/v2\/users\/1"}],"replies":[{"embeddable":true,"href":"https:\/\/adriaticpartner.com\/hr\/wp-json\/wp\/v2\/comments?post=3857"}],"version-history":[{"count":3,"href":"https:\/\/adriaticpartner.com\/hr\/wp-json\/wp\/v2\/pages\/3857\/revisions"}],"predecessor-version":[{"id":4017,"href":"https:\/\/adriaticpartner.com\/hr\/wp-json\/wp\/v2\/pages\/3857\/revisions\/4017"}],"up":[{"embeddable":true,"href":"https:\/\/adriaticpartner.com\/hr\/wp-json\/wp\/v2\/pages\/3841"}],"wp:featuredmedia":[{"embeddable":true,"href":"https:\/\/adriaticpartner.com\/hr\/wp-json\/wp\/v2\/media\/2246"}],"wp:attachment":[{"href":"https:\/\/adriaticpartner.com\/hr\/wp-json\/wp\/v2\/media?parent=3857"}],"curies":[{"name":"wp","href":"https:\/\/api.w.org\/{rel}","templated":true}]}}