{"id":3861,"date":"2021-01-21T10:39:36","date_gmt":"2021-01-21T10:39:36","guid":{"rendered":"https:\/\/adriaticpartner.com\/destinations\/zadar\/"},"modified":"2021-03-04T20:27:21","modified_gmt":"2021-03-04T20:27:21","slug":"zadar","status":"publish","type":"page","link":"https:\/\/adriaticpartner.com\/hr\/destinations\/zadar\/","title":{"rendered":"Zadar"},"content":{"rendered":"<p>\u0160ire podru\u010dje Zadra poznato je po svojoj povijesti i znamenitostima, malim naseljima i obali, skrivenim uvalama i prekrasnoj prirodi. Starogradska jezgra \u0107e vas \u0161armirati svojim povijesnim crkvama, brojnim spomenicima, kavanama i vinskim barovima.\u00a0 Tim Adriatic Partnera \u0107e vam preporu\u010diti neke od najboljih mjesta za posjetiti &#8211; kontaktirajte nas ve\u0107 danas.<\/p>\n<p>&nbsp;<\/p>\n","protected":false},"excerpt":{"rendered":"<p>\u0160ire podru\u010dje Zadra poznato je po svojoj povijesti i znamenitostima, malim naseljima i obali, skrivenim uvalama i prekrasnoj prirodi. Starogradska<\/p>\n","protected":false},"author":1,"featured_media":2182,"parent":3841,"menu_order":0,"comment_status":"closed","ping_status":"closed","template":"page-templates\/destination-dubrovnik.php","meta":{"footnotes":""},"acf":[],"yoast_head":"<!-- This site is optimized with the Yoast SEO plugin v22.7 - https:\/\/yoast.com\/wordpress\/plugins\/seo\/ -->\r\n<title>Zadar - Adriatic Partner<\/title>\r\n<meta name=\"description\" content=\"The Zadar region is famous for its numerous picturesque cities, small villages, hidden bays and beautiful nature\" \/>\r\n<meta name=\"robots\" content=\"index, follow, max-snippet:-1, max-image-preview:large, max-video-preview:-1\" \/>\r\n<link rel=\"canonical\" href=\"https:\/\/adriaticpartner.com\/hr\/destinations\/zadar\/\" \/>\r\n<meta property=\"og:locale\" content=\"hr_HR\" \/>\r\n<meta property=\"og:type\" content=\"article\" \/>\r\n<meta property=\"og:title\" content=\"Zadar - Adriatic Partner\" \/>\r\n<meta property=\"og:description\" content=\"The Zadar region is famous for its numerous picturesque cities, small villages, hidden bays and beautiful nature\" \/>\r\n<meta property=\"og:url\" content=\"https:\/\/adriaticpartner.com\/hr\/destinations\/zadar\/\" \/>\r\n<meta property=\"og:site_name\" content=\"Adriatic Partner\" \/>\r\n<meta property=\"article:modified_time\" content=\"2021-03-04T20:27:21+00:00\" \/>\r\n<meta property=\"og:image\" content=\"https:\/\/adriaticpartner.com\/wp-content\/uploads\/2021\/01\/zadar.jpg\" \/>\r\n\t<meta property=\"og:image:width\" content=\"1920\" \/>\r\n\t<meta property=\"og:image:height\" content=\"710\" \/>\r\n\t<meta property=\"og:image:type\" content=\"image\/jpeg\" \/>\r\n<meta name=\"twitter:card\" content=\"summary_large_image\" \/>\r\n<meta name=\"twitter:label1\" content=\"Procijenjeno vrijeme \u010ditanja\" \/>\n\t<meta name=\"twitter:data1\" content=\"1 minuta\" \/>\r\n<script type=\"application\/ld+json\" class=\"yoast-schema-graph\">{\"@context\":\"https:\/\/schema.org\",\"@graph\":[{\"@type\":\"WebPage\",\"@id\":\"https:\/\/adriaticpartner.com\/hr\/destinations\/zadar\/\",\"url\":\"https:\/\/adriaticpartner.com\/hr\/destinations\/zadar\/\",\"name\":\"Zadar - Adriatic Partner\",\"isPartOf\":{\"@id\":\"https:\/\/adriaticpartner.com\/#website\"},\"primaryImageOfPage\":{\"@id\":\"https:\/\/adriaticpartner.com\/hr\/destinations\/zadar\/#primaryimage\"},\"image\":{\"@id\":\"https:\/\/adriaticpartner.com\/hr\/destinations\/zadar\/#primaryimage\"},\"thumbnailUrl\":\"https:\/\/adriaticpartner.com\/wp-content\/uploads\/2021\/01\/zadar.jpg\",\"datePublished\":\"2021-01-21T10:39:36+00:00\",\"dateModified\":\"2021-03-04T20:27:21+00:00\",\"description\":\"The Zadar region is famous for its numerous picturesque cities, small villages, hidden bays and beautiful nature\",\"breadcrumb\":{\"@id\":\"https:\/\/adriaticpartner.com\/hr\/destinations\/zadar\/#breadcrumb\"},\"inLanguage\":\"hr\",\"potentialAction\":[{\"@type\":\"ReadAction\",\"target\":[\"https:\/\/adriaticpartner.com\/hr\/destinations\/zadar\/\"]}]},{\"@type\":\"ImageObject\",\"inLanguage\":\"hr\",\"@id\":\"https:\/\/adriaticpartner.com\/hr\/destinations\/zadar\/#primaryimage\",\"url\":\"https:\/\/adriaticpartner.com\/wp-content\/uploads\/2021\/01\/zadar.jpg\",\"contentUrl\":\"https:\/\/adriaticpartner.com\/wp-content\/uploads\/2021\/01\/zadar.jpg\",\"width\":1920,\"height\":710,\"caption\":\"Zadar city\"},{\"@type\":\"BreadcrumbList\",\"@id\":\"https:\/\/adriaticpartner.com\/hr\/destinations\/zadar\/#breadcrumb\",\"itemListElement\":[{\"@type\":\"ListItem\",\"position\":1,\"name\":\"Home\",\"item\":\"https:\/\/adriaticpartner.com\/hr\/\"},{\"@type\":\"ListItem\",\"position\":2,\"name\":\"Destinacije\",\"item\":\"https:\/\/adriaticpartner.com\/hr\/destinations\/\"},{\"@type\":\"ListItem\",\"position\":3,\"name\":\"Zadar\"}]},{\"@type\":\"WebSite\",\"@id\":\"https:\/\/adriaticpartner.com\/#website\",\"url\":\"https:\/\/adriaticpartner.com\/\",\"name\":\"Adriatic Partner\",\"description\":\"\",\"publisher\":{\"@id\":\"https:\/\/adriaticpartner.com\/#organization\"},\"potentialAction\":[{\"@type\":\"SearchAction\",\"target\":{\"@type\":\"EntryPoint\",\"urlTemplate\":\"https:\/\/adriaticpartner.com\/?s={search_term_string}\"},\"query-input\":\"required name=search_term_string\"}],\"inLanguage\":\"hr\"},{\"@type\":\"Organization\",\"@id\":\"https:\/\/adriaticpartner.com\/#organization\",\"name\":\"Adriatic Partner\",\"url\":\"https:\/\/adriaticpartner.com\/\",\"logo\":{\"@type\":\"ImageObject\",\"inLanguage\":\"hr\",\"@id\":\"https:\/\/adriaticpartner.com\/#\/schema\/logo\/image\/\",\"url\":\"https:\/\/adriaticpartner.com\/wp-content\/uploads\/2021\/02\/logo-final.png\",\"contentUrl\":\"https:\/\/adriaticpartner.com\/wp-content\/uploads\/2021\/02\/logo-final.png\",\"width\":1990,\"height\":458,\"caption\":\"Adriatic Partner\"},\"image\":{\"@id\":\"https:\/\/adriaticpartner.com\/#\/schema\/logo\/image\/\"}}]}<\/script>\r\n<!-- \/ Yoast SEO plugin. -->","yoast_head_json":{"title":"Zadar - Adriatic Partner","description":"The Zadar region is famous for its numerous picturesque cities, small villages, hidden bays and beautiful nature","robots":{"index":"index","follow":"follow","max-snippet":"max-snippet:-1","max-image-preview":"max-image-preview:large","max-video-preview":"max-video-preview:-1"},"canonical":"https:\/\/adriaticpartner.com\/hr\/destinations\/zadar\/","og_locale":"hr_HR","og_type":"article","og_title":"Zadar - Adriatic Partner","og_description":"The Zadar region is famous for its numerous picturesque cities, small villages, hidden bays and beautiful nature","og_url":"https:\/\/adriaticpartner.com\/hr\/destinations\/zadar\/","og_site_name":"Adriatic Partner","article_modified_time":"2021-03-04T20:27:21+00:00","og_image":[{"width":1920,"height":710,"url":"https:\/\/adriaticpartner.com\/wp-content\/uploads\/2021\/01\/zadar.jpg","type":"image\/jpeg"}],"twitter_card":"summary_large_image","twitter_misc":{"Procijenjeno vrijeme \u010ditanja":"1 minuta"},"schema":{"@context":"https:\/\/schema.org","@graph":[{"@type":"WebPage","@id":"https:\/\/adriaticpartner.com\/hr\/destinations\/zadar\/","url":"https:\/\/adriaticpartner.com\/hr\/destinations\/zadar\/","name":"Zadar - Adriatic Partner","isPartOf":{"@id":"https:\/\/adriaticpartner.com\/#website"},"primaryImageOfPage":{"@id":"https:\/\/adriaticpartner.com\/hr\/destinations\/zadar\/#primaryimage"},"image":{"@id":"https:\/\/adriaticpartner.com\/hr\/destinations\/zadar\/#primaryimage"},"thumbnailUrl":"https:\/\/adriaticpartner.com\/wp-content\/uploads\/2021\/01\/zadar.jpg","datePublished":"2021-01-21T10:39:36+00:00","dateModified":"2021-03-04T20:27:21+00:00","description":"The Zadar region is famous for its numerous picturesque cities, small villages, hidden bays and beautiful nature","breadcrumb":{"@id":"https:\/\/adriaticpartner.com\/hr\/destinations\/zadar\/#breadcrumb"},"inLanguage":"hr","potentialAction":[{"@type":"ReadAction","target":["https:\/\/adriaticpartner.com\/hr\/destinations\/zadar\/"]}]},{"@type":"ImageObject","inLanguage":"hr","@id":"https:\/\/adriaticpartner.com\/hr\/destinations\/zadar\/#primaryimage","url":"https:\/\/adriaticpartner.com\/wp-content\/uploads\/2021\/01\/zadar.jpg","contentUrl":"https:\/\/adriaticpartner.com\/wp-content\/uploads\/2021\/01\/zadar.jpg","width":1920,"height":710,"caption":"Zadar city"},{"@type":"BreadcrumbList","@id":"https:\/\/adriaticpartner.com\/hr\/destinations\/zadar\/#breadcrumb","itemListElement":[{"@type":"ListItem","position":1,"name":"Home","item":"https:\/\/adriaticpartner.com\/hr\/"},{"@type":"ListItem","position":2,"name":"Destinacije","item":"https:\/\/adriaticpartner.com\/hr\/destinations\/"},{"@type":"ListItem","position":3,"name":"Zadar"}]},{"@type":"WebSite","@id":"https:\/\/adriaticpartner.com\/#website","url":"https:\/\/adriaticpartner.com\/","name":"Adriatic Partner","description":"","publisher":{"@id":"https:\/\/adriaticpartner.com\/#organization"},"potentialAction":[{"@type":"SearchAction","target":{"@type":"EntryPoint","urlTemplate":"https:\/\/adriaticpartner.com\/?s={search_term_string}"},"query-input":"required name=search_term_string"}],"inLanguage":"hr"},{"@type":"Organization","@id":"https:\/\/adriaticpartner.com\/#organization","name":"Adriatic Partner","url":"https:\/\/adriaticpartner.com\/","logo":{"@type":"ImageObject","inLanguage":"hr","@id":"https:\/\/adriaticpartner.com\/#\/schema\/logo\/image\/","url":"https:\/\/adriaticpartner.com\/wp-content\/uploads\/2021\/02\/logo-final.png","contentUrl":"https:\/\/adriaticpartner.com\/wp-content\/uploads\/2021\/02\/logo-final.png","width":1990,"height":458,"caption":"Adriatic Partner"},"image":{"@id":"https:\/\/adriaticpartner.com\/#\/schema\/logo\/image\/"}}]}},"_links":{"self":[{"href":"https:\/\/adriaticpartner.com\/hr\/wp-json\/wp\/v2\/pages\/3861"}],"collection":[{"href":"https:\/\/adriaticpartner.com\/hr\/wp-json\/wp\/v2\/pages"}],"about":[{"href":"https:\/\/adriaticpartner.com\/hr\/wp-json\/wp\/v2\/types\/page"}],"author":[{"embeddable":true,"href":"https:\/\/adriaticpartner.com\/hr\/wp-json\/wp\/v2\/users\/1"}],"replies":[{"embeddable":true,"href":"https:\/\/adriaticpartner.com\/hr\/wp-json\/wp\/v2\/comments?post=3861"}],"version-history":[{"count":3,"href":"https:\/\/adriaticpartner.com\/hr\/wp-json\/wp\/v2\/pages\/3861\/revisions"}],"predecessor-version":[{"id":3864,"href":"https:\/\/adriaticpartner.com\/hr\/wp-json\/wp\/v2\/pages\/3861\/revisions\/3864"}],"up":[{"embeddable":true,"href":"https:\/\/adriaticpartner.com\/hr\/wp-json\/wp\/v2\/pages\/3841"}],"wp:featuredmedia":[{"embeddable":true,"href":"https:\/\/adriaticpartner.com\/hr\/wp-json\/wp\/v2\/media\/2182"}],"wp:attachment":[{"href":"https:\/\/adriaticpartner.com\/hr\/wp-json\/wp\/v2\/media?parent=3861"}],"curies":[{"name":"wp","href":"https:\/\/api.w.org\/{rel}","templated":true}]}}