{"id":3869,"date":"2021-03-04T20:45:31","date_gmt":"2021-03-04T20:45:31","guid":{"rendered":"https:\/\/adriaticpartner.com\/?page_id=3869"},"modified":"2021-03-04T20:52:14","modified_gmt":"2021-03-04T20:52:14","slug":"__trashed","status":"publish","type":"page","link":"https:\/\/adriaticpartner.com\/hr\/destinations\/__trashed\/","title":{"rendered":"Hrvatska"},"content":{"rendered":"<p>Hrvatska je nadaleko poznata po kristalno \u010distom Jadranskom moru i brojnim destinacijama uz obalu. Ali, Hrvatska nije samo to. Hrvatska ima vrhunska vina i jedinstvenu kuhinju i delikatese, bogatu povijest, prekrasne nacionalne parkove, nebrojeno otoka&#8230;Nemogu\u0107e je odabrati samo jednu destinaciju za preporuku, ali na\u0161i turisti\u010dki savjetnici \u0107e rado preporu\u010diti i kreirati itinerar posebno za vas. Sve \u0161to nam nedostaje su va\u0161i inputi &#8211; \u017eelje, o\u010dekivanja, snovi&#8230;<br \/>\nZapo\u010dnimo zajedno ovu avanturu &#8211; istra\u017eimo Hrvatsku!<\/p>\n","protected":false},"excerpt":{"rendered":"<p>Hrvatska je nadaleko poznata po kristalno \u010distom Jadranskom moru i brojnim destinacijama uz obalu. Ali, Hrvatska nije samo to. Hrvatska<\/p>\n","protected":false},"author":1,"featured_media":1538,"parent":3841,"menu_order":0,"comment_status":"closed","ping_status":"closed","template":"page-templates\/destination-croatia.php","meta":{"footnotes":""},"acf":[],"yoast_head":"<!-- This site is optimized with the Yoast SEO plugin v22.7 - https:\/\/yoast.com\/wordpress\/plugins\/seo\/ -->\r\n<title>Hrvatska - Adriatic Partner<\/title>\r\n<meta name=\"description\" content=\"Looking for a holiday to Croatia? Adriatic Partner creates bespoke holiday experience. Contact us villa rentals, tours and excursions, gourmet specials...\" \/>\r\n<meta name=\"robots\" content=\"index, follow, max-snippet:-1, max-image-preview:large, max-video-preview:-1\" \/>\r\n<link rel=\"canonical\" href=\"https:\/\/adriaticpartner.com\/hr\/destinations\/__trashed\/\" \/>\r\n<meta property=\"og:locale\" content=\"hr_HR\" \/>\r\n<meta property=\"og:type\" content=\"article\" \/>\r\n<meta property=\"og:title\" content=\"Hrvatska - Adriatic Partner\" \/>\r\n<meta property=\"og:description\" content=\"Looking for a holiday to Croatia? Adriatic Partner creates bespoke holiday experience. Contact us villa rentals, tours and excursions, gourmet specials...\" \/>\r\n<meta property=\"og:url\" content=\"https:\/\/adriaticpartner.com\/hr\/destinations\/__trashed\/\" \/>\r\n<meta property=\"og:site_name\" content=\"Adriatic Partner\" \/>\r\n<meta property=\"article:modified_time\" content=\"2021-03-04T20:52:14+00:00\" \/>\r\n<meta property=\"og:image\" content=\"https:\/\/adriaticpartner.com\/wp-content\/uploads\/2021\/01\/croatia-2.jpg\" \/>\r\n\t<meta property=\"og:image:width\" content=\"1920\" \/>\r\n\t<meta property=\"og:image:height\" content=\"560\" \/>\r\n\t<meta property=\"og:image:type\" content=\"image\/jpeg\" \/>\r\n<meta name=\"twitter:card\" content=\"summary_large_image\" \/>\r\n<meta name=\"twitter:label1\" content=\"Procijenjeno vrijeme \u010ditanja\" \/>\n\t<meta name=\"twitter:data1\" content=\"1 minuta\" \/>\r\n<script type=\"application\/ld+json\" class=\"yoast-schema-graph\">{\"@context\":\"https:\/\/schema.org\",\"@graph\":[{\"@type\":\"WebPage\",\"@id\":\"https:\/\/adriaticpartner.com\/hr\/destinations\/__trashed\/\",\"url\":\"https:\/\/adriaticpartner.com\/hr\/destinations\/__trashed\/\",\"name\":\"Hrvatska - Adriatic Partner\",\"isPartOf\":{\"@id\":\"https:\/\/adriaticpartner.com\/#website\"},\"primaryImageOfPage\":{\"@id\":\"https:\/\/adriaticpartner.com\/hr\/destinations\/__trashed\/#primaryimage\"},\"image\":{\"@id\":\"https:\/\/adriaticpartner.com\/hr\/destinations\/__trashed\/#primaryimage\"},\"thumbnailUrl\":\"https:\/\/adriaticpartner.com\/wp-content\/uploads\/2021\/01\/croatia-2.jpg\",\"datePublished\":\"2021-03-04T20:45:31+00:00\",\"dateModified\":\"2021-03-04T20:52:14+00:00\",\"description\":\"Looking for a holiday to Croatia? Adriatic Partner creates bespoke holiday experience. Contact us villa rentals, tours and excursions, gourmet specials...\",\"breadcrumb\":{\"@id\":\"https:\/\/adriaticpartner.com\/hr\/destinations\/__trashed\/#breadcrumb\"},\"inLanguage\":\"hr\",\"potentialAction\":[{\"@type\":\"ReadAction\",\"target\":[\"https:\/\/adriaticpartner.com\/hr\/destinations\/__trashed\/\"]}]},{\"@type\":\"ImageObject\",\"inLanguage\":\"hr\",\"@id\":\"https:\/\/adriaticpartner.com\/hr\/destinations\/__trashed\/#primaryimage\",\"url\":\"https:\/\/adriaticpartner.com\/wp-content\/uploads\/2021\/01\/croatia-2.jpg\",\"contentUrl\":\"https:\/\/adriaticpartner.com\/wp-content\/uploads\/2021\/01\/croatia-2.jpg\",\"width\":1920,\"height\":560},{\"@type\":\"BreadcrumbList\",\"@id\":\"https:\/\/adriaticpartner.com\/hr\/destinations\/__trashed\/#breadcrumb\",\"itemListElement\":[{\"@type\":\"ListItem\",\"position\":1,\"name\":\"Home\",\"item\":\"https:\/\/adriaticpartner.com\/hr\/\"},{\"@type\":\"ListItem\",\"position\":2,\"name\":\"Destinacije\",\"item\":\"https:\/\/adriaticpartner.com\/hr\/destinations\/\"},{\"@type\":\"ListItem\",\"position\":3,\"name\":\"Hrvatska\"}]},{\"@type\":\"WebSite\",\"@id\":\"https:\/\/adriaticpartner.com\/#website\",\"url\":\"https:\/\/adriaticpartner.com\/\",\"name\":\"Adriatic Partner\",\"description\":\"\",\"publisher\":{\"@id\":\"https:\/\/adriaticpartner.com\/#organization\"},\"potentialAction\":[{\"@type\":\"SearchAction\",\"target\":{\"@type\":\"EntryPoint\",\"urlTemplate\":\"https:\/\/adriaticpartner.com\/?s={search_term_string}\"},\"query-input\":\"required name=search_term_string\"}],\"inLanguage\":\"hr\"},{\"@type\":\"Organization\",\"@id\":\"https:\/\/adriaticpartner.com\/#organization\",\"name\":\"Adriatic Partner\",\"url\":\"https:\/\/adriaticpartner.com\/\",\"logo\":{\"@type\":\"ImageObject\",\"inLanguage\":\"hr\",\"@id\":\"https:\/\/adriaticpartner.com\/#\/schema\/logo\/image\/\",\"url\":\"https:\/\/adriaticpartner.com\/wp-content\/uploads\/2021\/02\/logo-final.png\",\"contentUrl\":\"https:\/\/adriaticpartner.com\/wp-content\/uploads\/2021\/02\/logo-final.png\",\"width\":1990,\"height\":458,\"caption\":\"Adriatic Partner\"},\"image\":{\"@id\":\"https:\/\/adriaticpartner.com\/#\/schema\/logo\/image\/\"}}]}<\/script>\r\n<!-- \/ Yoast SEO plugin. -->","yoast_head_json":{"title":"Hrvatska - Adriatic Partner","description":"Looking for a holiday to Croatia? Adriatic Partner creates bespoke holiday experience. Contact us villa rentals, tours and excursions, gourmet specials...","robots":{"index":"index","follow":"follow","max-snippet":"max-snippet:-1","max-image-preview":"max-image-preview:large","max-video-preview":"max-video-preview:-1"},"canonical":"https:\/\/adriaticpartner.com\/hr\/destinations\/__trashed\/","og_locale":"hr_HR","og_type":"article","og_title":"Hrvatska - Adriatic Partner","og_description":"Looking for a holiday to Croatia? Adriatic Partner creates bespoke holiday experience. Contact us villa rentals, tours and excursions, gourmet specials...","og_url":"https:\/\/adriaticpartner.com\/hr\/destinations\/__trashed\/","og_site_name":"Adriatic Partner","article_modified_time":"2021-03-04T20:52:14+00:00","og_image":[{"width":1920,"height":560,"url":"https:\/\/adriaticpartner.com\/wp-content\/uploads\/2021\/01\/croatia-2.jpg","type":"image\/jpeg"}],"twitter_card":"summary_large_image","twitter_misc":{"Procijenjeno vrijeme \u010ditanja":"1 minuta"},"schema":{"@context":"https:\/\/schema.org","@graph":[{"@type":"WebPage","@id":"https:\/\/adriaticpartner.com\/hr\/destinations\/__trashed\/","url":"https:\/\/adriaticpartner.com\/hr\/destinations\/__trashed\/","name":"Hrvatska - Adriatic Partner","isPartOf":{"@id":"https:\/\/adriaticpartner.com\/#website"},"primaryImageOfPage":{"@id":"https:\/\/adriaticpartner.com\/hr\/destinations\/__trashed\/#primaryimage"},"image":{"@id":"https:\/\/adriaticpartner.com\/hr\/destinations\/__trashed\/#primaryimage"},"thumbnailUrl":"https:\/\/adriaticpartner.com\/wp-content\/uploads\/2021\/01\/croatia-2.jpg","datePublished":"2021-03-04T20:45:31+00:00","dateModified":"2021-03-04T20:52:14+00:00","description":"Looking for a holiday to Croatia? Adriatic Partner creates bespoke holiday experience. Contact us villa rentals, tours and excursions, gourmet specials...","breadcrumb":{"@id":"https:\/\/adriaticpartner.com\/hr\/destinations\/__trashed\/#breadcrumb"},"inLanguage":"hr","potentialAction":[{"@type":"ReadAction","target":["https:\/\/adriaticpartner.com\/hr\/destinations\/__trashed\/"]}]},{"@type":"ImageObject","inLanguage":"hr","@id":"https:\/\/adriaticpartner.com\/hr\/destinations\/__trashed\/#primaryimage","url":"https:\/\/adriaticpartner.com\/wp-content\/uploads\/2021\/01\/croatia-2.jpg","contentUrl":"https:\/\/adriaticpartner.com\/wp-content\/uploads\/2021\/01\/croatia-2.jpg","width":1920,"height":560},{"@type":"BreadcrumbList","@id":"https:\/\/adriaticpartner.com\/hr\/destinations\/__trashed\/#breadcrumb","itemListElement":[{"@type":"ListItem","position":1,"name":"Home","item":"https:\/\/adriaticpartner.com\/hr\/"},{"@type":"ListItem","position":2,"name":"Destinacije","item":"https:\/\/adriaticpartner.com\/hr\/destinations\/"},{"@type":"ListItem","position":3,"name":"Hrvatska"}]},{"@type":"WebSite","@id":"https:\/\/adriaticpartner.com\/#website","url":"https:\/\/adriaticpartner.com\/","name":"Adriatic Partner","description":"","publisher":{"@id":"https:\/\/adriaticpartner.com\/#organization"},"potentialAction":[{"@type":"SearchAction","target":{"@type":"EntryPoint","urlTemplate":"https:\/\/adriaticpartner.com\/?s={search_term_string}"},"query-input":"required name=search_term_string"}],"inLanguage":"hr"},{"@type":"Organization","@id":"https:\/\/adriaticpartner.com\/#organization","name":"Adriatic Partner","url":"https:\/\/adriaticpartner.com\/","logo":{"@type":"ImageObject","inLanguage":"hr","@id":"https:\/\/adriaticpartner.com\/#\/schema\/logo\/image\/","url":"https:\/\/adriaticpartner.com\/wp-content\/uploads\/2021\/02\/logo-final.png","contentUrl":"https:\/\/adriaticpartner.com\/wp-content\/uploads\/2021\/02\/logo-final.png","width":1990,"height":458,"caption":"Adriatic Partner"},"image":{"@id":"https:\/\/adriaticpartner.com\/#\/schema\/logo\/image\/"}}]}},"_links":{"self":[{"href":"https:\/\/adriaticpartner.com\/hr\/wp-json\/wp\/v2\/pages\/3869"}],"collection":[{"href":"https:\/\/adriaticpartner.com\/hr\/wp-json\/wp\/v2\/pages"}],"about":[{"href":"https:\/\/adriaticpartner.com\/hr\/wp-json\/wp\/v2\/types\/page"}],"author":[{"embeddable":true,"href":"https:\/\/adriaticpartner.com\/hr\/wp-json\/wp\/v2\/users\/1"}],"replies":[{"embeddable":true,"href":"https:\/\/adriaticpartner.com\/hr\/wp-json\/wp\/v2\/comments?post=3869"}],"version-history":[{"count":3,"href":"https:\/\/adriaticpartner.com\/hr\/wp-json\/wp\/v2\/pages\/3869\/revisions"}],"predecessor-version":[{"id":3872,"href":"https:\/\/adriaticpartner.com\/hr\/wp-json\/wp\/v2\/pages\/3869\/revisions\/3872"}],"up":[{"embeddable":true,"href":"https:\/\/adriaticpartner.com\/hr\/wp-json\/wp\/v2\/pages\/3841"}],"wp:featuredmedia":[{"embeddable":true,"href":"https:\/\/adriaticpartner.com\/hr\/wp-json\/wp\/v2\/media\/1538"}],"wp:attachment":[{"href":"https:\/\/adriaticpartner.com\/hr\/wp-json\/wp\/v2\/media?parent=3869"}],"curies":[{"name":"wp","href":"https:\/\/api.w.org\/{rel}","templated":true}]}}