{"id":3879,"date":"2021-01-11T13:37:32","date_gmt":"2021-01-11T13:37:32","guid":{"rendered":"https:\/\/adriaticpartner.com\/products\/transfers\/"},"modified":"2021-03-08T10:32:45","modified_gmt":"2021-03-08T10:32:45","slug":"transferi","status":"publish","type":"page","link":"https:\/\/adriaticpartner.com\/hr\/products\/transferi\/","title":{"rendered":"Transferi"},"content":{"rendered":"<p>Na\u0161im klijentima i gostima nudimo profesionalnu uslugu organizacije prijevoza i transfera. Mo\u017eemo organizirati sve vrste transfera &#8211; od kombija i mini vana, autobusa, do luksuznih vozila, plovila i helikoptera. Organiziramo kako individualne, tako i grupne transfere, ovisno o va\u0161im \u017eeljama i tra\u017eenjima. Bilo da trebate transfer na relaciji Aerodrom &#8211; hotel, ili pak tra\u017eite drugu vrstu transfera, poput glisera ili mini van-a, Adriatic Partner \u0107e biti va\u0161 pouzdan partner pri organizaciji svih vrsta transfera.<\/p>\n<p>&nbsp;<\/p>\n<p>&nbsp;<\/p>\n","protected":false},"excerpt":{"rendered":"<p>Na\u0161im klijentima i gostima nudimo profesionalnu uslugu organizacije prijevoza i transfera. Mo\u017eemo organizirati sve vrste transfera &#8211; od kombija i<\/p>\n","protected":false},"author":1,"featured_media":1638,"parent":3873,"menu_order":0,"comment_status":"closed","ping_status":"closed","template":"page-templates\/services.php","meta":{"footnotes":""},"acf":[],"yoast_head":"<!-- This site is optimized with the Yoast SEO plugin v22.7 - https:\/\/yoast.com\/wordpress\/plugins\/seo\/ -->\r\n<title>Transferi - Adriatic Partner<\/title>\r\n<meta name=\"description\" content=\"Na\u0161im klijentima i gostima nudimo profesionalnu uslugu organizacije prijevoza i transfera.\" \/>\r\n<meta name=\"robots\" content=\"index, follow, max-snippet:-1, max-image-preview:large, max-video-preview:-1\" \/>\r\n<link rel=\"canonical\" href=\"https:\/\/adriaticpartner.com\/hr\/products\/transferi\/\" \/>\r\n<meta property=\"og:locale\" content=\"hr_HR\" \/>\r\n<meta property=\"og:type\" content=\"article\" \/>\r\n<meta property=\"og:title\" content=\"Transferi - Adriatic Partner\" \/>\r\n<meta property=\"og:description\" content=\"Na\u0161im klijentima i gostima nudimo profesionalnu uslugu organizacije prijevoza i transfera.\" \/>\r\n<meta property=\"og:url\" content=\"https:\/\/adriaticpartner.com\/hr\/products\/transferi\/\" \/>\r\n<meta property=\"og:site_name\" content=\"Adriatic Partner\" \/>\r\n<meta property=\"article:modified_time\" content=\"2021-03-08T10:32:45+00:00\" \/>\r\n<meta property=\"og:image\" content=\"https:\/\/adriaticpartner.com\/wp-content\/uploads\/2021\/01\/transfers-1.jpg\" \/>\r\n\t<meta property=\"og:image:width\" content=\"1920\" \/>\r\n\t<meta property=\"og:image:height\" content=\"1280\" \/>\r\n\t<meta property=\"og:image:type\" content=\"image\/jpeg\" \/>\r\n<meta name=\"twitter:card\" content=\"summary_large_image\" \/>\r\n<meta name=\"twitter:label1\" content=\"Procijenjeno vrijeme \u010ditanja\" \/>\n\t<meta name=\"twitter:data1\" content=\"1 minuta\" \/>\r\n<script type=\"application\/ld+json\" class=\"yoast-schema-graph\">{\"@context\":\"https:\/\/schema.org\",\"@graph\":[{\"@type\":\"WebPage\",\"@id\":\"https:\/\/adriaticpartner.com\/hr\/products\/transferi\/\",\"url\":\"https:\/\/adriaticpartner.com\/hr\/products\/transferi\/\",\"name\":\"Transferi - Adriatic Partner\",\"isPartOf\":{\"@id\":\"https:\/\/adriaticpartner.com\/#website\"},\"primaryImageOfPage\":{\"@id\":\"https:\/\/adriaticpartner.com\/hr\/products\/transferi\/#primaryimage\"},\"image\":{\"@id\":\"https:\/\/adriaticpartner.com\/hr\/products\/transferi\/#primaryimage\"},\"thumbnailUrl\":\"https:\/\/adriaticpartner.com\/wp-content\/uploads\/2021\/01\/transfers-1.jpg\",\"datePublished\":\"2021-01-11T13:37:32+00:00\",\"dateModified\":\"2021-03-08T10:32:45+00:00\",\"description\":\"Na\u0161im klijentima i gostima nudimo profesionalnu uslugu organizacije prijevoza i transfera.\",\"breadcrumb\":{\"@id\":\"https:\/\/adriaticpartner.com\/hr\/products\/transferi\/#breadcrumb\"},\"inLanguage\":\"hr\",\"potentialAction\":[{\"@type\":\"ReadAction\",\"target\":[\"https:\/\/adriaticpartner.com\/hr\/products\/transferi\/\"]}]},{\"@type\":\"ImageObject\",\"inLanguage\":\"hr\",\"@id\":\"https:\/\/adriaticpartner.com\/hr\/products\/transferi\/#primaryimage\",\"url\":\"https:\/\/adriaticpartner.com\/wp-content\/uploads\/2021\/01\/transfers-1.jpg\",\"contentUrl\":\"https:\/\/adriaticpartner.com\/wp-content\/uploads\/2021\/01\/transfers-1.jpg\",\"width\":1920,\"height\":1280},{\"@type\":\"BreadcrumbList\",\"@id\":\"https:\/\/adriaticpartner.com\/hr\/products\/transferi\/#breadcrumb\",\"itemListElement\":[{\"@type\":\"ListItem\",\"position\":1,\"name\":\"Home\",\"item\":\"https:\/\/adriaticpartner.com\/hr\/\"},{\"@type\":\"ListItem\",\"position\":2,\"name\":\"Proizvodi\",\"item\":\"https:\/\/adriaticpartner.com\/hr\/products\/\"},{\"@type\":\"ListItem\",\"position\":3,\"name\":\"Transferi\"}]},{\"@type\":\"WebSite\",\"@id\":\"https:\/\/adriaticpartner.com\/#website\",\"url\":\"https:\/\/adriaticpartner.com\/\",\"name\":\"Adriatic Partner\",\"description\":\"\",\"publisher\":{\"@id\":\"https:\/\/adriaticpartner.com\/#organization\"},\"potentialAction\":[{\"@type\":\"SearchAction\",\"target\":{\"@type\":\"EntryPoint\",\"urlTemplate\":\"https:\/\/adriaticpartner.com\/?s={search_term_string}\"},\"query-input\":\"required name=search_term_string\"}],\"inLanguage\":\"hr\"},{\"@type\":\"Organization\",\"@id\":\"https:\/\/adriaticpartner.com\/#organization\",\"name\":\"Adriatic Partner\",\"url\":\"https:\/\/adriaticpartner.com\/\",\"logo\":{\"@type\":\"ImageObject\",\"inLanguage\":\"hr\",\"@id\":\"https:\/\/adriaticpartner.com\/#\/schema\/logo\/image\/\",\"url\":\"https:\/\/adriaticpartner.com\/wp-content\/uploads\/2021\/02\/logo-final.png\",\"contentUrl\":\"https:\/\/adriaticpartner.com\/wp-content\/uploads\/2021\/02\/logo-final.png\",\"width\":1990,\"height\":458,\"caption\":\"Adriatic Partner\"},\"image\":{\"@id\":\"https:\/\/adriaticpartner.com\/#\/schema\/logo\/image\/\"}}]}<\/script>\r\n<!-- \/ Yoast SEO plugin. -->","yoast_head_json":{"title":"Transferi - Adriatic Partner","description":"Na\u0161im klijentima i gostima nudimo profesionalnu uslugu organizacije prijevoza i transfera.","robots":{"index":"index","follow":"follow","max-snippet":"max-snippet:-1","max-image-preview":"max-image-preview:large","max-video-preview":"max-video-preview:-1"},"canonical":"https:\/\/adriaticpartner.com\/hr\/products\/transferi\/","og_locale":"hr_HR","og_type":"article","og_title":"Transferi - Adriatic Partner","og_description":"Na\u0161im klijentima i gostima nudimo profesionalnu uslugu organizacije prijevoza i transfera.","og_url":"https:\/\/adriaticpartner.com\/hr\/products\/transferi\/","og_site_name":"Adriatic Partner","article_modified_time":"2021-03-08T10:32:45+00:00","og_image":[{"width":1920,"height":1280,"url":"https:\/\/adriaticpartner.com\/wp-content\/uploads\/2021\/01\/transfers-1.jpg","type":"image\/jpeg"}],"twitter_card":"summary_large_image","twitter_misc":{"Procijenjeno vrijeme \u010ditanja":"1 minuta"},"schema":{"@context":"https:\/\/schema.org","@graph":[{"@type":"WebPage","@id":"https:\/\/adriaticpartner.com\/hr\/products\/transferi\/","url":"https:\/\/adriaticpartner.com\/hr\/products\/transferi\/","name":"Transferi - Adriatic Partner","isPartOf":{"@id":"https:\/\/adriaticpartner.com\/#website"},"primaryImageOfPage":{"@id":"https:\/\/adriaticpartner.com\/hr\/products\/transferi\/#primaryimage"},"image":{"@id":"https:\/\/adriaticpartner.com\/hr\/products\/transferi\/#primaryimage"},"thumbnailUrl":"https:\/\/adriaticpartner.com\/wp-content\/uploads\/2021\/01\/transfers-1.jpg","datePublished":"2021-01-11T13:37:32+00:00","dateModified":"2021-03-08T10:32:45+00:00","description":"Na\u0161im klijentima i gostima nudimo profesionalnu uslugu organizacije prijevoza i transfera.","breadcrumb":{"@id":"https:\/\/adriaticpartner.com\/hr\/products\/transferi\/#breadcrumb"},"inLanguage":"hr","potentialAction":[{"@type":"ReadAction","target":["https:\/\/adriaticpartner.com\/hr\/products\/transferi\/"]}]},{"@type":"ImageObject","inLanguage":"hr","@id":"https:\/\/adriaticpartner.com\/hr\/products\/transferi\/#primaryimage","url":"https:\/\/adriaticpartner.com\/wp-content\/uploads\/2021\/01\/transfers-1.jpg","contentUrl":"https:\/\/adriaticpartner.com\/wp-content\/uploads\/2021\/01\/transfers-1.jpg","width":1920,"height":1280},{"@type":"BreadcrumbList","@id":"https:\/\/adriaticpartner.com\/hr\/products\/transferi\/#breadcrumb","itemListElement":[{"@type":"ListItem","position":1,"name":"Home","item":"https:\/\/adriaticpartner.com\/hr\/"},{"@type":"ListItem","position":2,"name":"Proizvodi","item":"https:\/\/adriaticpartner.com\/hr\/products\/"},{"@type":"ListItem","position":3,"name":"Transferi"}]},{"@type":"WebSite","@id":"https:\/\/adriaticpartner.com\/#website","url":"https:\/\/adriaticpartner.com\/","name":"Adriatic Partner","description":"","publisher":{"@id":"https:\/\/adriaticpartner.com\/#organization"},"potentialAction":[{"@type":"SearchAction","target":{"@type":"EntryPoint","urlTemplate":"https:\/\/adriaticpartner.com\/?s={search_term_string}"},"query-input":"required name=search_term_string"}],"inLanguage":"hr"},{"@type":"Organization","@id":"https:\/\/adriaticpartner.com\/#organization","name":"Adriatic Partner","url":"https:\/\/adriaticpartner.com\/","logo":{"@type":"ImageObject","inLanguage":"hr","@id":"https:\/\/adriaticpartner.com\/#\/schema\/logo\/image\/","url":"https:\/\/adriaticpartner.com\/wp-content\/uploads\/2021\/02\/logo-final.png","contentUrl":"https:\/\/adriaticpartner.com\/wp-content\/uploads\/2021\/02\/logo-final.png","width":1990,"height":458,"caption":"Adriatic Partner"},"image":{"@id":"https:\/\/adriaticpartner.com\/#\/schema\/logo\/image\/"}}]}},"_links":{"self":[{"href":"https:\/\/adriaticpartner.com\/hr\/wp-json\/wp\/v2\/pages\/3879"}],"collection":[{"href":"https:\/\/adriaticpartner.com\/hr\/wp-json\/wp\/v2\/pages"}],"about":[{"href":"https:\/\/adriaticpartner.com\/hr\/wp-json\/wp\/v2\/types\/page"}],"author":[{"embeddable":true,"href":"https:\/\/adriaticpartner.com\/hr\/wp-json\/wp\/v2\/users\/1"}],"replies":[{"embeddable":true,"href":"https:\/\/adriaticpartner.com\/hr\/wp-json\/wp\/v2\/comments?post=3879"}],"version-history":[{"count":2,"href":"https:\/\/adriaticpartner.com\/hr\/wp-json\/wp\/v2\/pages\/3879\/revisions"}],"predecessor-version":[{"id":3955,"href":"https:\/\/adriaticpartner.com\/hr\/wp-json\/wp\/v2\/pages\/3879\/revisions\/3955"}],"up":[{"embeddable":true,"href":"https:\/\/adriaticpartner.com\/hr\/wp-json\/wp\/v2\/pages\/3873"}],"wp:featuredmedia":[{"embeddable":true,"href":"https:\/\/adriaticpartner.com\/hr\/wp-json\/wp\/v2\/media\/1638"}],"wp:attachment":[{"href":"https:\/\/adriaticpartner.com\/hr\/wp-json\/wp\/v2\/media?parent=3879"}],"curies":[{"name":"wp","href":"https:\/\/api.w.org\/{rel}","templated":true}]}}