{"id":3882,"date":"2021-01-11T13:40:16","date_gmt":"2021-01-11T13:40:16","guid":{"rendered":"https:\/\/adriaticpartner.com\/products\/concierge\/"},"modified":"2021-03-04T21:09:53","modified_gmt":"2021-03-04T21:09:53","slug":"concierge","status":"publish","type":"page","link":"https:\/\/adriaticpartner.com\/hr\/products\/concierge\/","title":{"rendered":"Concierge"},"content":{"rendered":"<p>Adriatic Partner nudi brojne ekskluzivne concierge usluge, uklju\u010duju\u0107i:<\/p>\n<div class=\"icon-grid\">\n<div class=\"icon-block\" data-aos=\"fade-up\" data-aos-duration=\"1000\"><i class=\"flaticon-villa\"><\/i><br \/>\nVilla management<\/div>\n<div class=\"icon-block\" data-aos=\"fade-up\" data-aos-duration=\"1000\" data-aos-delay=\"100\"><i class=\"flaticon-shopping-bag\"><\/i><br \/>\nOdlasci u kupnju<\/div>\n<div class=\"icon-block\" data-aos=\"fade-up\" data-aos-duration=\"1000\" data-aos-delay=\"200\"><i class=\"flaticon-household\"><\/i><br \/>\nDoma\u0107instvo<\/div>\n<div class=\"icon-block\" data-aos=\"fade-up\" data-aos-duration=\"1000\" data-aos-delay=\"300\"><i class=\"flaticon-destination\"><\/i><br \/>\nPrivatne ture<\/div>\n<div class=\"icon-block\" data-aos=\"fade-up\" data-aos-duration=\"1000\" data-aos-delay=\"400\"><i class=\"flaticon-party\"><\/i><br \/>\nPosebna doga\u0111anja<\/div>\n<div class=\"icon-block\" data-aos=\"fade-up\" data-aos-duration=\"1000\" data-aos-delay=\"500\"><i class=\"flaticon-cloche\"><\/i><br \/>\nCatering<\/div>\n<div class=\"icon-block\" data-aos=\"fade-up\" data-aos-duration=\"1000\" data-aos-delay=\"600\"><i class=\"flaticon-decor\"><\/i><br \/>\nDekoracija<\/div>\n<div class=\"icon-block\" data-aos=\"fade-up\" data-aos-duration=\"1000\" data-aos-delay=\"700\"><i class=\"flaticon-lotus-flower\"><\/i><br \/>\nWellness i fitness<\/div>\n<div class=\"icon-block\" data-aos=\"fade-up\" data-aos-duration=\"1000\" data-aos-delay=\"800\"><i class=\"flaticon-vip-card\"><\/i><br \/>\nSvi ostali posebni zahtjevi<\/div>\n<\/div>\n","protected":false},"excerpt":{"rendered":"<p>Adriatic Partner nudi brojne ekskluzivne concierge usluge, uklju\u010duju\u0107i: Villa management Odlasci u kupnju Doma\u0107instvo Privatne ture Posebna doga\u0111anja Catering Dekoracija<\/p>\n","protected":false},"author":1,"featured_media":1642,"parent":3873,"menu_order":0,"comment_status":"closed","ping_status":"closed","template":"page-templates\/services.php","meta":{"footnotes":""},"acf":[],"yoast_head":"<!-- This site is optimized with the Yoast SEO plugin v22.7 - https:\/\/yoast.com\/wordpress\/plugins\/seo\/ -->\r\n<title>Concierge - Adriatic Partner<\/title>\r\n<meta name=\"description\" content=\"Adriatic Partner nudi brojne ekskluzivne concierge usluge za va\u0161u vilu, od managmenta, doma\u0107instva, kuhinje, organizacije doga\u0111anja..\" \/>\r\n<meta name=\"robots\" content=\"index, follow, max-snippet:-1, max-image-preview:large, max-video-preview:-1\" \/>\r\n<link rel=\"canonical\" href=\"https:\/\/adriaticpartner.com\/hr\/products\/concierge\/\" \/>\r\n<meta property=\"og:locale\" content=\"hr_HR\" \/>\r\n<meta property=\"og:type\" content=\"article\" \/>\r\n<meta property=\"og:title\" content=\"Concierge - Adriatic Partner\" \/>\r\n<meta property=\"og:description\" content=\"Adriatic Partner nudi brojne ekskluzivne concierge usluge za va\u0161u vilu, od managmenta, doma\u0107instva, kuhinje, organizacije doga\u0111anja..\" \/>\r\n<meta property=\"og:url\" content=\"https:\/\/adriaticpartner.com\/hr\/products\/concierge\/\" \/>\r\n<meta property=\"og:site_name\" content=\"Adriatic Partner\" \/>\r\n<meta property=\"article:modified_time\" content=\"2021-03-04T21:09:53+00:00\" \/>\r\n<meta property=\"og:image\" content=\"https:\/\/adriaticpartner.com\/wp-content\/uploads\/2021\/01\/concierge-1.jpg\" \/>\r\n\t<meta property=\"og:image:width\" content=\"1920\" \/>\r\n\t<meta property=\"og:image:height\" content=\"1282\" \/>\r\n\t<meta property=\"og:image:type\" content=\"image\/jpeg\" \/>\r\n<meta name=\"twitter:card\" content=\"summary_large_image\" \/>\r\n<meta name=\"twitter:label1\" content=\"Procijenjeno vrijeme \u010ditanja\" \/>\n\t<meta name=\"twitter:data1\" content=\"1 minuta\" \/>\r\n<script type=\"application\/ld+json\" class=\"yoast-schema-graph\">{\"@context\":\"https:\/\/schema.org\",\"@graph\":[{\"@type\":\"WebPage\",\"@id\":\"https:\/\/adriaticpartner.com\/hr\/products\/concierge\/\",\"url\":\"https:\/\/adriaticpartner.com\/hr\/products\/concierge\/\",\"name\":\"Concierge - Adriatic Partner\",\"isPartOf\":{\"@id\":\"https:\/\/adriaticpartner.com\/#website\"},\"primaryImageOfPage\":{\"@id\":\"https:\/\/adriaticpartner.com\/hr\/products\/concierge\/#primaryimage\"},\"image\":{\"@id\":\"https:\/\/adriaticpartner.com\/hr\/products\/concierge\/#primaryimage\"},\"thumbnailUrl\":\"https:\/\/adriaticpartner.com\/wp-content\/uploads\/2021\/01\/concierge-1.jpg\",\"datePublished\":\"2021-01-11T13:40:16+00:00\",\"dateModified\":\"2021-03-04T21:09:53+00:00\",\"description\":\"Adriatic Partner nudi brojne ekskluzivne concierge usluge za va\u0161u vilu, od managmenta, doma\u0107instva, kuhinje, organizacije doga\u0111anja..\",\"breadcrumb\":{\"@id\":\"https:\/\/adriaticpartner.com\/hr\/products\/concierge\/#breadcrumb\"},\"inLanguage\":\"hr\",\"potentialAction\":[{\"@type\":\"ReadAction\",\"target\":[\"https:\/\/adriaticpartner.com\/hr\/products\/concierge\/\"]}]},{\"@type\":\"ImageObject\",\"inLanguage\":\"hr\",\"@id\":\"https:\/\/adriaticpartner.com\/hr\/products\/concierge\/#primaryimage\",\"url\":\"https:\/\/adriaticpartner.com\/wp-content\/uploads\/2021\/01\/concierge-1.jpg\",\"contentUrl\":\"https:\/\/adriaticpartner.com\/wp-content\/uploads\/2021\/01\/concierge-1.jpg\",\"width\":1920,\"height\":1282},{\"@type\":\"BreadcrumbList\",\"@id\":\"https:\/\/adriaticpartner.com\/hr\/products\/concierge\/#breadcrumb\",\"itemListElement\":[{\"@type\":\"ListItem\",\"position\":1,\"name\":\"Home\",\"item\":\"https:\/\/adriaticpartner.com\/hr\/\"},{\"@type\":\"ListItem\",\"position\":2,\"name\":\"Proizvodi\",\"item\":\"https:\/\/adriaticpartner.com\/hr\/products\/\"},{\"@type\":\"ListItem\",\"position\":3,\"name\":\"Concierge\"}]},{\"@type\":\"WebSite\",\"@id\":\"https:\/\/adriaticpartner.com\/#website\",\"url\":\"https:\/\/adriaticpartner.com\/\",\"name\":\"Adriatic Partner\",\"description\":\"\",\"publisher\":{\"@id\":\"https:\/\/adriaticpartner.com\/#organization\"},\"potentialAction\":[{\"@type\":\"SearchAction\",\"target\":{\"@type\":\"EntryPoint\",\"urlTemplate\":\"https:\/\/adriaticpartner.com\/?s={search_term_string}\"},\"query-input\":\"required name=search_term_string\"}],\"inLanguage\":\"hr\"},{\"@type\":\"Organization\",\"@id\":\"https:\/\/adriaticpartner.com\/#organization\",\"name\":\"Adriatic Partner\",\"url\":\"https:\/\/adriaticpartner.com\/\",\"logo\":{\"@type\":\"ImageObject\",\"inLanguage\":\"hr\",\"@id\":\"https:\/\/adriaticpartner.com\/#\/schema\/logo\/image\/\",\"url\":\"https:\/\/adriaticpartner.com\/wp-content\/uploads\/2021\/02\/logo-final.png\",\"contentUrl\":\"https:\/\/adriaticpartner.com\/wp-content\/uploads\/2021\/02\/logo-final.png\",\"width\":1990,\"height\":458,\"caption\":\"Adriatic Partner\"},\"image\":{\"@id\":\"https:\/\/adriaticpartner.com\/#\/schema\/logo\/image\/\"}}]}<\/script>\r\n<!-- \/ Yoast SEO plugin. -->","yoast_head_json":{"title":"Concierge - Adriatic Partner","description":"Adriatic Partner nudi brojne ekskluzivne concierge usluge za va\u0161u vilu, od managmenta, doma\u0107instva, kuhinje, organizacije doga\u0111anja..","robots":{"index":"index","follow":"follow","max-snippet":"max-snippet:-1","max-image-preview":"max-image-preview:large","max-video-preview":"max-video-preview:-1"},"canonical":"https:\/\/adriaticpartner.com\/hr\/products\/concierge\/","og_locale":"hr_HR","og_type":"article","og_title":"Concierge - Adriatic Partner","og_description":"Adriatic Partner nudi brojne ekskluzivne concierge usluge za va\u0161u vilu, od managmenta, doma\u0107instva, kuhinje, organizacije doga\u0111anja..","og_url":"https:\/\/adriaticpartner.com\/hr\/products\/concierge\/","og_site_name":"Adriatic Partner","article_modified_time":"2021-03-04T21:09:53+00:00","og_image":[{"width":1920,"height":1282,"url":"https:\/\/adriaticpartner.com\/wp-content\/uploads\/2021\/01\/concierge-1.jpg","type":"image\/jpeg"}],"twitter_card":"summary_large_image","twitter_misc":{"Procijenjeno vrijeme \u010ditanja":"1 minuta"},"schema":{"@context":"https:\/\/schema.org","@graph":[{"@type":"WebPage","@id":"https:\/\/adriaticpartner.com\/hr\/products\/concierge\/","url":"https:\/\/adriaticpartner.com\/hr\/products\/concierge\/","name":"Concierge - Adriatic Partner","isPartOf":{"@id":"https:\/\/adriaticpartner.com\/#website"},"primaryImageOfPage":{"@id":"https:\/\/adriaticpartner.com\/hr\/products\/concierge\/#primaryimage"},"image":{"@id":"https:\/\/adriaticpartner.com\/hr\/products\/concierge\/#primaryimage"},"thumbnailUrl":"https:\/\/adriaticpartner.com\/wp-content\/uploads\/2021\/01\/concierge-1.jpg","datePublished":"2021-01-11T13:40:16+00:00","dateModified":"2021-03-04T21:09:53+00:00","description":"Adriatic Partner nudi brojne ekskluzivne concierge usluge za va\u0161u vilu, od managmenta, doma\u0107instva, kuhinje, organizacije doga\u0111anja..","breadcrumb":{"@id":"https:\/\/adriaticpartner.com\/hr\/products\/concierge\/#breadcrumb"},"inLanguage":"hr","potentialAction":[{"@type":"ReadAction","target":["https:\/\/adriaticpartner.com\/hr\/products\/concierge\/"]}]},{"@type":"ImageObject","inLanguage":"hr","@id":"https:\/\/adriaticpartner.com\/hr\/products\/concierge\/#primaryimage","url":"https:\/\/adriaticpartner.com\/wp-content\/uploads\/2021\/01\/concierge-1.jpg","contentUrl":"https:\/\/adriaticpartner.com\/wp-content\/uploads\/2021\/01\/concierge-1.jpg","width":1920,"height":1282},{"@type":"BreadcrumbList","@id":"https:\/\/adriaticpartner.com\/hr\/products\/concierge\/#breadcrumb","itemListElement":[{"@type":"ListItem","position":1,"name":"Home","item":"https:\/\/adriaticpartner.com\/hr\/"},{"@type":"ListItem","position":2,"name":"Proizvodi","item":"https:\/\/adriaticpartner.com\/hr\/products\/"},{"@type":"ListItem","position":3,"name":"Concierge"}]},{"@type":"WebSite","@id":"https:\/\/adriaticpartner.com\/#website","url":"https:\/\/adriaticpartner.com\/","name":"Adriatic Partner","description":"","publisher":{"@id":"https:\/\/adriaticpartner.com\/#organization"},"potentialAction":[{"@type":"SearchAction","target":{"@type":"EntryPoint","urlTemplate":"https:\/\/adriaticpartner.com\/?s={search_term_string}"},"query-input":"required name=search_term_string"}],"inLanguage":"hr"},{"@type":"Organization","@id":"https:\/\/adriaticpartner.com\/#organization","name":"Adriatic Partner","url":"https:\/\/adriaticpartner.com\/","logo":{"@type":"ImageObject","inLanguage":"hr","@id":"https:\/\/adriaticpartner.com\/#\/schema\/logo\/image\/","url":"https:\/\/adriaticpartner.com\/wp-content\/uploads\/2021\/02\/logo-final.png","contentUrl":"https:\/\/adriaticpartner.com\/wp-content\/uploads\/2021\/02\/logo-final.png","width":1990,"height":458,"caption":"Adriatic Partner"},"image":{"@id":"https:\/\/adriaticpartner.com\/#\/schema\/logo\/image\/"}}]}},"_links":{"self":[{"href":"https:\/\/adriaticpartner.com\/hr\/wp-json\/wp\/v2\/pages\/3882"}],"collection":[{"href":"https:\/\/adriaticpartner.com\/hr\/wp-json\/wp\/v2\/pages"}],"about":[{"href":"https:\/\/adriaticpartner.com\/hr\/wp-json\/wp\/v2\/types\/page"}],"author":[{"embeddable":true,"href":"https:\/\/adriaticpartner.com\/hr\/wp-json\/wp\/v2\/users\/1"}],"replies":[{"embeddable":true,"href":"https:\/\/adriaticpartner.com\/hr\/wp-json\/wp\/v2\/comments?post=3882"}],"version-history":[{"count":2,"href":"https:\/\/adriaticpartner.com\/hr\/wp-json\/wp\/v2\/pages\/3882\/revisions"}],"predecessor-version":[{"id":3884,"href":"https:\/\/adriaticpartner.com\/hr\/wp-json\/wp\/v2\/pages\/3882\/revisions\/3884"}],"up":[{"embeddable":true,"href":"https:\/\/adriaticpartner.com\/hr\/wp-json\/wp\/v2\/pages\/3873"}],"wp:featuredmedia":[{"embeddable":true,"href":"https:\/\/adriaticpartner.com\/hr\/wp-json\/wp\/v2\/media\/1642"}],"wp:attachment":[{"href":"https:\/\/adriaticpartner.com\/hr\/wp-json\/wp\/v2\/media?parent=3882"}],"curies":[{"name":"wp","href":"https:\/\/api.w.org\/{rel}","templated":true}]}}