{"id":3885,"date":"2021-01-13T06:54:32","date_gmt":"2021-01-13T06:54:32","guid":{"rendered":"https:\/\/adriaticpartner.com\/products\/tailor-made\/"},"modified":"2021-03-08T10:57:46","modified_gmt":"2021-03-08T10:57:46","slug":"posebno-kreirani-programi","status":"publish","type":"page","link":"https:\/\/adriaticpartner.com\/hr\/products\/posebno-kreirani-programi\/","title":{"rendered":"Posebno kreirani programi"},"content":{"rendered":"<p>Voljeli bi \u010duti vi\u0161e o va\u0161im \u017eeljama i o\u010dekivanjima. Podijelite s nama ideju va\u0161eg idealnog odmora\u00a0 &#8211; Adriatic Partner \u0107e kreirati posebne, personalizirane programe za sve one koji po\u017eele ne\u0161to druk\u010dije i posebno. Pouzdan smo i odgovaran organizator putovanja koji \u0107e uvijek biti na raspolaganju na\u0161im gostima i klijentima.<\/p>\n","protected":false},"excerpt":{"rendered":"<p>Voljeli bi \u010duti vi\u0161e o va\u0161im \u017eeljama i o\u010dekivanjima. Podijelite s nama ideju va\u0161eg idealnog odmora\u00a0 &#8211; Adriatic Partner \u0107e<\/p>\n","protected":false},"author":1,"featured_media":1842,"parent":3873,"menu_order":0,"comment_status":"closed","ping_status":"closed","template":"page-templates\/services.php","meta":{"footnotes":""},"acf":[],"yoast_head":"<!-- This site is optimized with the Yoast SEO plugin v22.7 - https:\/\/yoast.com\/wordpress\/plugins\/seo\/ -->\r\n<title>Posebno kreirani programi - Adriatic Partner<\/title>\r\n<meta name=\"description\" content=\"Adriatic Partner kreira posebne, personalizirane programe za sve one koji po\u017eele ne\u0161to druk\u010dije i posebno.\" \/>\r\n<meta name=\"robots\" content=\"index, follow, max-snippet:-1, max-image-preview:large, max-video-preview:-1\" \/>\r\n<link rel=\"canonical\" href=\"https:\/\/adriaticpartner.com\/hr\/products\/posebno-kreirani-programi\/\" \/>\r\n<meta property=\"og:locale\" content=\"hr_HR\" \/>\r\n<meta property=\"og:type\" content=\"article\" \/>\r\n<meta property=\"og:title\" content=\"Posebno kreirani programi - Adriatic Partner\" \/>\r\n<meta property=\"og:description\" content=\"Adriatic Partner kreira posebne, personalizirane programe za sve one koji po\u017eele ne\u0161to druk\u010dije i posebno.\" \/>\r\n<meta property=\"og:url\" content=\"https:\/\/adriaticpartner.com\/hr\/products\/posebno-kreirani-programi\/\" \/>\r\n<meta property=\"og:site_name\" content=\"Adriatic Partner\" \/>\r\n<meta property=\"article:modified_time\" content=\"2021-03-08T10:57:46+00:00\" \/>\r\n<meta property=\"og:image\" content=\"https:\/\/adriaticpartner.com\/wp-content\/uploads\/2021\/01\/tailor-made-1.jpg\" \/>\r\n\t<meta property=\"og:image:width\" content=\"1080\" \/>\r\n\t<meta property=\"og:image:height\" content=\"720\" \/>\r\n\t<meta property=\"og:image:type\" content=\"image\/jpeg\" \/>\r\n<meta name=\"twitter:card\" content=\"summary_large_image\" \/>\r\n<meta name=\"twitter:label1\" content=\"Procijenjeno vrijeme \u010ditanja\" \/>\n\t<meta name=\"twitter:data1\" content=\"1 minuta\" \/>\r\n<script type=\"application\/ld+json\" class=\"yoast-schema-graph\">{\"@context\":\"https:\/\/schema.org\",\"@graph\":[{\"@type\":\"WebPage\",\"@id\":\"https:\/\/adriaticpartner.com\/hr\/products\/posebno-kreirani-programi\/\",\"url\":\"https:\/\/adriaticpartner.com\/hr\/products\/posebno-kreirani-programi\/\",\"name\":\"Posebno kreirani programi - Adriatic Partner\",\"isPartOf\":{\"@id\":\"https:\/\/adriaticpartner.com\/#website\"},\"primaryImageOfPage\":{\"@id\":\"https:\/\/adriaticpartner.com\/hr\/products\/posebno-kreirani-programi\/#primaryimage\"},\"image\":{\"@id\":\"https:\/\/adriaticpartner.com\/hr\/products\/posebno-kreirani-programi\/#primaryimage\"},\"thumbnailUrl\":\"https:\/\/adriaticpartner.com\/wp-content\/uploads\/2021\/01\/tailor-made-1.jpg\",\"datePublished\":\"2021-01-13T06:54:32+00:00\",\"dateModified\":\"2021-03-08T10:57:46+00:00\",\"description\":\"Adriatic Partner kreira posebne, personalizirane programe za sve one koji po\u017eele ne\u0161to druk\u010dije i posebno.\",\"breadcrumb\":{\"@id\":\"https:\/\/adriaticpartner.com\/hr\/products\/posebno-kreirani-programi\/#breadcrumb\"},\"inLanguage\":\"hr\",\"potentialAction\":[{\"@type\":\"ReadAction\",\"target\":[\"https:\/\/adriaticpartner.com\/hr\/products\/posebno-kreirani-programi\/\"]}]},{\"@type\":\"ImageObject\",\"inLanguage\":\"hr\",\"@id\":\"https:\/\/adriaticpartner.com\/hr\/products\/posebno-kreirani-programi\/#primaryimage\",\"url\":\"https:\/\/adriaticpartner.com\/wp-content\/uploads\/2021\/01\/tailor-made-1.jpg\",\"contentUrl\":\"https:\/\/adriaticpartner.com\/wp-content\/uploads\/2021\/01\/tailor-made-1.jpg\",\"width\":1080,\"height\":720},{\"@type\":\"BreadcrumbList\",\"@id\":\"https:\/\/adriaticpartner.com\/hr\/products\/posebno-kreirani-programi\/#breadcrumb\",\"itemListElement\":[{\"@type\":\"ListItem\",\"position\":1,\"name\":\"Home\",\"item\":\"https:\/\/adriaticpartner.com\/hr\/\"},{\"@type\":\"ListItem\",\"position\":2,\"name\":\"Proizvodi\",\"item\":\"https:\/\/adriaticpartner.com\/hr\/products\/\"},{\"@type\":\"ListItem\",\"position\":3,\"name\":\"Posebno kreirani programi\"}]},{\"@type\":\"WebSite\",\"@id\":\"https:\/\/adriaticpartner.com\/#website\",\"url\":\"https:\/\/adriaticpartner.com\/\",\"name\":\"Adriatic Partner\",\"description\":\"\",\"publisher\":{\"@id\":\"https:\/\/adriaticpartner.com\/#organization\"},\"potentialAction\":[{\"@type\":\"SearchAction\",\"target\":{\"@type\":\"EntryPoint\",\"urlTemplate\":\"https:\/\/adriaticpartner.com\/?s={search_term_string}\"},\"query-input\":\"required name=search_term_string\"}],\"inLanguage\":\"hr\"},{\"@type\":\"Organization\",\"@id\":\"https:\/\/adriaticpartner.com\/#organization\",\"name\":\"Adriatic Partner\",\"url\":\"https:\/\/adriaticpartner.com\/\",\"logo\":{\"@type\":\"ImageObject\",\"inLanguage\":\"hr\",\"@id\":\"https:\/\/adriaticpartner.com\/#\/schema\/logo\/image\/\",\"url\":\"https:\/\/adriaticpartner.com\/wp-content\/uploads\/2021\/02\/logo-final.png\",\"contentUrl\":\"https:\/\/adriaticpartner.com\/wp-content\/uploads\/2021\/02\/logo-final.png\",\"width\":1990,\"height\":458,\"caption\":\"Adriatic Partner\"},\"image\":{\"@id\":\"https:\/\/adriaticpartner.com\/#\/schema\/logo\/image\/\"}}]}<\/script>\r\n<!-- \/ Yoast SEO plugin. -->","yoast_head_json":{"title":"Posebno kreirani programi - Adriatic Partner","description":"Adriatic Partner kreira posebne, personalizirane programe za sve one koji po\u017eele ne\u0161to druk\u010dije i posebno.","robots":{"index":"index","follow":"follow","max-snippet":"max-snippet:-1","max-image-preview":"max-image-preview:large","max-video-preview":"max-video-preview:-1"},"canonical":"https:\/\/adriaticpartner.com\/hr\/products\/posebno-kreirani-programi\/","og_locale":"hr_HR","og_type":"article","og_title":"Posebno kreirani programi - Adriatic Partner","og_description":"Adriatic Partner kreira posebne, personalizirane programe za sve one koji po\u017eele ne\u0161to druk\u010dije i posebno.","og_url":"https:\/\/adriaticpartner.com\/hr\/products\/posebno-kreirani-programi\/","og_site_name":"Adriatic Partner","article_modified_time":"2021-03-08T10:57:46+00:00","og_image":[{"width":1080,"height":720,"url":"https:\/\/adriaticpartner.com\/wp-content\/uploads\/2021\/01\/tailor-made-1.jpg","type":"image\/jpeg"}],"twitter_card":"summary_large_image","twitter_misc":{"Procijenjeno vrijeme \u010ditanja":"1 minuta"},"schema":{"@context":"https:\/\/schema.org","@graph":[{"@type":"WebPage","@id":"https:\/\/adriaticpartner.com\/hr\/products\/posebno-kreirani-programi\/","url":"https:\/\/adriaticpartner.com\/hr\/products\/posebno-kreirani-programi\/","name":"Posebno kreirani programi - Adriatic Partner","isPartOf":{"@id":"https:\/\/adriaticpartner.com\/#website"},"primaryImageOfPage":{"@id":"https:\/\/adriaticpartner.com\/hr\/products\/posebno-kreirani-programi\/#primaryimage"},"image":{"@id":"https:\/\/adriaticpartner.com\/hr\/products\/posebno-kreirani-programi\/#primaryimage"},"thumbnailUrl":"https:\/\/adriaticpartner.com\/wp-content\/uploads\/2021\/01\/tailor-made-1.jpg","datePublished":"2021-01-13T06:54:32+00:00","dateModified":"2021-03-08T10:57:46+00:00","description":"Adriatic Partner kreira posebne, personalizirane programe za sve one koji po\u017eele ne\u0161to druk\u010dije i posebno.","breadcrumb":{"@id":"https:\/\/adriaticpartner.com\/hr\/products\/posebno-kreirani-programi\/#breadcrumb"},"inLanguage":"hr","potentialAction":[{"@type":"ReadAction","target":["https:\/\/adriaticpartner.com\/hr\/products\/posebno-kreirani-programi\/"]}]},{"@type":"ImageObject","inLanguage":"hr","@id":"https:\/\/adriaticpartner.com\/hr\/products\/posebno-kreirani-programi\/#primaryimage","url":"https:\/\/adriaticpartner.com\/wp-content\/uploads\/2021\/01\/tailor-made-1.jpg","contentUrl":"https:\/\/adriaticpartner.com\/wp-content\/uploads\/2021\/01\/tailor-made-1.jpg","width":1080,"height":720},{"@type":"BreadcrumbList","@id":"https:\/\/adriaticpartner.com\/hr\/products\/posebno-kreirani-programi\/#breadcrumb","itemListElement":[{"@type":"ListItem","position":1,"name":"Home","item":"https:\/\/adriaticpartner.com\/hr\/"},{"@type":"ListItem","position":2,"name":"Proizvodi","item":"https:\/\/adriaticpartner.com\/hr\/products\/"},{"@type":"ListItem","position":3,"name":"Posebno kreirani programi"}]},{"@type":"WebSite","@id":"https:\/\/adriaticpartner.com\/#website","url":"https:\/\/adriaticpartner.com\/","name":"Adriatic Partner","description":"","publisher":{"@id":"https:\/\/adriaticpartner.com\/#organization"},"potentialAction":[{"@type":"SearchAction","target":{"@type":"EntryPoint","urlTemplate":"https:\/\/adriaticpartner.com\/?s={search_term_string}"},"query-input":"required name=search_term_string"}],"inLanguage":"hr"},{"@type":"Organization","@id":"https:\/\/adriaticpartner.com\/#organization","name":"Adriatic Partner","url":"https:\/\/adriaticpartner.com\/","logo":{"@type":"ImageObject","inLanguage":"hr","@id":"https:\/\/adriaticpartner.com\/#\/schema\/logo\/image\/","url":"https:\/\/adriaticpartner.com\/wp-content\/uploads\/2021\/02\/logo-final.png","contentUrl":"https:\/\/adriaticpartner.com\/wp-content\/uploads\/2021\/02\/logo-final.png","width":1990,"height":458,"caption":"Adriatic Partner"},"image":{"@id":"https:\/\/adriaticpartner.com\/#\/schema\/logo\/image\/"}}]}},"_links":{"self":[{"href":"https:\/\/adriaticpartner.com\/hr\/wp-json\/wp\/v2\/pages\/3885"}],"collection":[{"href":"https:\/\/adriaticpartner.com\/hr\/wp-json\/wp\/v2\/pages"}],"about":[{"href":"https:\/\/adriaticpartner.com\/hr\/wp-json\/wp\/v2\/types\/page"}],"author":[{"embeddable":true,"href":"https:\/\/adriaticpartner.com\/hr\/wp-json\/wp\/v2\/users\/1"}],"replies":[{"embeddable":true,"href":"https:\/\/adriaticpartner.com\/hr\/wp-json\/wp\/v2\/comments?post=3885"}],"version-history":[{"count":2,"href":"https:\/\/adriaticpartner.com\/hr\/wp-json\/wp\/v2\/pages\/3885\/revisions"}],"predecessor-version":[{"id":3958,"href":"https:\/\/adriaticpartner.com\/hr\/wp-json\/wp\/v2\/pages\/3885\/revisions\/3958"}],"up":[{"embeddable":true,"href":"https:\/\/adriaticpartner.com\/hr\/wp-json\/wp\/v2\/pages\/3873"}],"wp:featuredmedia":[{"embeddable":true,"href":"https:\/\/adriaticpartner.com\/hr\/wp-json\/wp\/v2\/media\/1842"}],"wp:attachment":[{"href":"https:\/\/adriaticpartner.com\/hr\/wp-json\/wp\/v2\/media?parent=3885"}],"curies":[{"name":"wp","href":"https:\/\/api.w.org\/{rel}","templated":true}]}}