{"id":3888,"date":"2021-01-13T06:55:53","date_gmt":"2021-01-13T06:55:53","guid":{"rendered":"https:\/\/adriaticpartner.com\/products\/cuisine-and-culture\/"},"modified":"2021-03-10T20:33:12","modified_gmt":"2021-03-10T20:33:12","slug":"cuisine-and-culture","status":"publish","type":"page","link":"https:\/\/adriaticpartner.com\/hr\/products\/cuisine-and-culture\/","title":{"rendered":"Kultura i delicije"},"content":{"rendered":"<p>Inspirirajte se hrvatskim vinima i tradicionalnim specijalitetima i delikatesama. Istra\u017eite i ku\u0161ajte najbolje \u0161to Hrvatska i Dubrovnik nude. Jedinstveni spoj finih vina, ukusnih delicija i jedinstvenih do\u017eivljaja, garancija su odmora za pam\u0107enje.<\/p>\n<p>Doznajte vi\u0161e o hrvatskoj kulturi, vinima, delicijama i lifestyle-u uz preporuke kreatora putovanja Adriatic Partnera.<\/p>\n","protected":false},"excerpt":{"rendered":"<p>Inspirirajte se hrvatskim vinima i tradicionalnim specijalitetima i delikatesama. Istra\u017eite i ku\u0161ajte najbolje \u0161to Hrvatska i Dubrovnik nude. Jedinstveni spoj<\/p>\n","protected":false},"author":1,"featured_media":1874,"parent":3873,"menu_order":0,"comment_status":"closed","ping_status":"closed","template":"page-templates\/services.php","meta":{"footnotes":""},"acf":[],"yoast_head":"<!-- This site is optimized with the Yoast SEO plugin v22.7 - https:\/\/yoast.com\/wordpress\/plugins\/seo\/ -->\r\n<title>Kultura i delicije - Adriatic Partner<\/title>\r\n<meta name=\"description\" content=\"Inspirirajte se vrhunskim vinima, hrvatskom kuhinjom, kulturom...\" \/>\r\n<meta name=\"robots\" content=\"index, follow, max-snippet:-1, max-image-preview:large, max-video-preview:-1\" \/>\r\n<link rel=\"canonical\" href=\"https:\/\/adriaticpartner.com\/hr\/products\/cuisine-and-culture\/\" \/>\r\n<meta property=\"og:locale\" content=\"hr_HR\" \/>\r\n<meta property=\"og:type\" content=\"article\" \/>\r\n<meta property=\"og:title\" content=\"Kultura i delicije - Adriatic Partner\" \/>\r\n<meta property=\"og:description\" content=\"Inspirirajte se vrhunskim vinima, hrvatskom kuhinjom, kulturom...\" \/>\r\n<meta property=\"og:url\" content=\"https:\/\/adriaticpartner.com\/hr\/products\/cuisine-and-culture\/\" \/>\r\n<meta property=\"og:site_name\" content=\"Adriatic Partner\" \/>\r\n<meta property=\"article:modified_time\" content=\"2021-03-10T20:33:12+00:00\" \/>\r\n<meta property=\"og:image\" content=\"https:\/\/adriaticpartner.com\/wp-content\/uploads\/2021\/01\/Cuisine-and-culture.jpg\" \/>\r\n\t<meta property=\"og:image:width\" content=\"1920\" \/>\r\n\t<meta property=\"og:image:height\" content=\"1426\" \/>\r\n\t<meta property=\"og:image:type\" content=\"image\/jpeg\" \/>\r\n<meta name=\"twitter:card\" content=\"summary_large_image\" \/>\r\n<meta name=\"twitter:label1\" content=\"Procijenjeno vrijeme \u010ditanja\" \/>\n\t<meta name=\"twitter:data1\" content=\"1 minuta\" \/>\r\n<script type=\"application\/ld+json\" class=\"yoast-schema-graph\">{\"@context\":\"https:\/\/schema.org\",\"@graph\":[{\"@type\":\"WebPage\",\"@id\":\"https:\/\/adriaticpartner.com\/hr\/products\/cuisine-and-culture\/\",\"url\":\"https:\/\/adriaticpartner.com\/hr\/products\/cuisine-and-culture\/\",\"name\":\"Kultura i delicije - Adriatic Partner\",\"isPartOf\":{\"@id\":\"https:\/\/adriaticpartner.com\/#website\"},\"primaryImageOfPage\":{\"@id\":\"https:\/\/adriaticpartner.com\/hr\/products\/cuisine-and-culture\/#primaryimage\"},\"image\":{\"@id\":\"https:\/\/adriaticpartner.com\/hr\/products\/cuisine-and-culture\/#primaryimage\"},\"thumbnailUrl\":\"https:\/\/adriaticpartner.com\/wp-content\/uploads\/2021\/01\/Cuisine-and-culture.jpg\",\"datePublished\":\"2021-01-13T06:55:53+00:00\",\"dateModified\":\"2021-03-10T20:33:12+00:00\",\"description\":\"Inspirirajte se vrhunskim vinima, hrvatskom kuhinjom, kulturom...\",\"breadcrumb\":{\"@id\":\"https:\/\/adriaticpartner.com\/hr\/products\/cuisine-and-culture\/#breadcrumb\"},\"inLanguage\":\"hr\",\"potentialAction\":[{\"@type\":\"ReadAction\",\"target\":[\"https:\/\/adriaticpartner.com\/hr\/products\/cuisine-and-culture\/\"]}]},{\"@type\":\"ImageObject\",\"inLanguage\":\"hr\",\"@id\":\"https:\/\/adriaticpartner.com\/hr\/products\/cuisine-and-culture\/#primaryimage\",\"url\":\"https:\/\/adriaticpartner.com\/wp-content\/uploads\/2021\/01\/Cuisine-and-culture.jpg\",\"contentUrl\":\"https:\/\/adriaticpartner.com\/wp-content\/uploads\/2021\/01\/Cuisine-and-culture.jpg\",\"width\":1920,\"height\":1426},{\"@type\":\"BreadcrumbList\",\"@id\":\"https:\/\/adriaticpartner.com\/hr\/products\/cuisine-and-culture\/#breadcrumb\",\"itemListElement\":[{\"@type\":\"ListItem\",\"position\":1,\"name\":\"Home\",\"item\":\"https:\/\/adriaticpartner.com\/hr\/\"},{\"@type\":\"ListItem\",\"position\":2,\"name\":\"Proizvodi\",\"item\":\"https:\/\/adriaticpartner.com\/hr\/products\/\"},{\"@type\":\"ListItem\",\"position\":3,\"name\":\"Kultura i delicije\"}]},{\"@type\":\"WebSite\",\"@id\":\"https:\/\/adriaticpartner.com\/#website\",\"url\":\"https:\/\/adriaticpartner.com\/\",\"name\":\"Adriatic Partner\",\"description\":\"\",\"publisher\":{\"@id\":\"https:\/\/adriaticpartner.com\/#organization\"},\"potentialAction\":[{\"@type\":\"SearchAction\",\"target\":{\"@type\":\"EntryPoint\",\"urlTemplate\":\"https:\/\/adriaticpartner.com\/?s={search_term_string}\"},\"query-input\":\"required name=search_term_string\"}],\"inLanguage\":\"hr\"},{\"@type\":\"Organization\",\"@id\":\"https:\/\/adriaticpartner.com\/#organization\",\"name\":\"Adriatic Partner\",\"url\":\"https:\/\/adriaticpartner.com\/\",\"logo\":{\"@type\":\"ImageObject\",\"inLanguage\":\"hr\",\"@id\":\"https:\/\/adriaticpartner.com\/#\/schema\/logo\/image\/\",\"url\":\"https:\/\/adriaticpartner.com\/wp-content\/uploads\/2021\/02\/logo-final.png\",\"contentUrl\":\"https:\/\/adriaticpartner.com\/wp-content\/uploads\/2021\/02\/logo-final.png\",\"width\":1990,\"height\":458,\"caption\":\"Adriatic Partner\"},\"image\":{\"@id\":\"https:\/\/adriaticpartner.com\/#\/schema\/logo\/image\/\"}}]}<\/script>\r\n<!-- \/ Yoast SEO plugin. -->","yoast_head_json":{"title":"Kultura i delicije - Adriatic Partner","description":"Inspirirajte se vrhunskim vinima, hrvatskom kuhinjom, kulturom...","robots":{"index":"index","follow":"follow","max-snippet":"max-snippet:-1","max-image-preview":"max-image-preview:large","max-video-preview":"max-video-preview:-1"},"canonical":"https:\/\/adriaticpartner.com\/hr\/products\/cuisine-and-culture\/","og_locale":"hr_HR","og_type":"article","og_title":"Kultura i delicije - Adriatic Partner","og_description":"Inspirirajte se vrhunskim vinima, hrvatskom kuhinjom, kulturom...","og_url":"https:\/\/adriaticpartner.com\/hr\/products\/cuisine-and-culture\/","og_site_name":"Adriatic Partner","article_modified_time":"2021-03-10T20:33:12+00:00","og_image":[{"width":1920,"height":1426,"url":"https:\/\/adriaticpartner.com\/wp-content\/uploads\/2021\/01\/Cuisine-and-culture.jpg","type":"image\/jpeg"}],"twitter_card":"summary_large_image","twitter_misc":{"Procijenjeno vrijeme \u010ditanja":"1 minuta"},"schema":{"@context":"https:\/\/schema.org","@graph":[{"@type":"WebPage","@id":"https:\/\/adriaticpartner.com\/hr\/products\/cuisine-and-culture\/","url":"https:\/\/adriaticpartner.com\/hr\/products\/cuisine-and-culture\/","name":"Kultura i delicije - Adriatic Partner","isPartOf":{"@id":"https:\/\/adriaticpartner.com\/#website"},"primaryImageOfPage":{"@id":"https:\/\/adriaticpartner.com\/hr\/products\/cuisine-and-culture\/#primaryimage"},"image":{"@id":"https:\/\/adriaticpartner.com\/hr\/products\/cuisine-and-culture\/#primaryimage"},"thumbnailUrl":"https:\/\/adriaticpartner.com\/wp-content\/uploads\/2021\/01\/Cuisine-and-culture.jpg","datePublished":"2021-01-13T06:55:53+00:00","dateModified":"2021-03-10T20:33:12+00:00","description":"Inspirirajte se vrhunskim vinima, hrvatskom kuhinjom, kulturom...","breadcrumb":{"@id":"https:\/\/adriaticpartner.com\/hr\/products\/cuisine-and-culture\/#breadcrumb"},"inLanguage":"hr","potentialAction":[{"@type":"ReadAction","target":["https:\/\/adriaticpartner.com\/hr\/products\/cuisine-and-culture\/"]}]},{"@type":"ImageObject","inLanguage":"hr","@id":"https:\/\/adriaticpartner.com\/hr\/products\/cuisine-and-culture\/#primaryimage","url":"https:\/\/adriaticpartner.com\/wp-content\/uploads\/2021\/01\/Cuisine-and-culture.jpg","contentUrl":"https:\/\/adriaticpartner.com\/wp-content\/uploads\/2021\/01\/Cuisine-and-culture.jpg","width":1920,"height":1426},{"@type":"BreadcrumbList","@id":"https:\/\/adriaticpartner.com\/hr\/products\/cuisine-and-culture\/#breadcrumb","itemListElement":[{"@type":"ListItem","position":1,"name":"Home","item":"https:\/\/adriaticpartner.com\/hr\/"},{"@type":"ListItem","position":2,"name":"Proizvodi","item":"https:\/\/adriaticpartner.com\/hr\/products\/"},{"@type":"ListItem","position":3,"name":"Kultura i delicije"}]},{"@type":"WebSite","@id":"https:\/\/adriaticpartner.com\/#website","url":"https:\/\/adriaticpartner.com\/","name":"Adriatic Partner","description":"","publisher":{"@id":"https:\/\/adriaticpartner.com\/#organization"},"potentialAction":[{"@type":"SearchAction","target":{"@type":"EntryPoint","urlTemplate":"https:\/\/adriaticpartner.com\/?s={search_term_string}"},"query-input":"required name=search_term_string"}],"inLanguage":"hr"},{"@type":"Organization","@id":"https:\/\/adriaticpartner.com\/#organization","name":"Adriatic Partner","url":"https:\/\/adriaticpartner.com\/","logo":{"@type":"ImageObject","inLanguage":"hr","@id":"https:\/\/adriaticpartner.com\/#\/schema\/logo\/image\/","url":"https:\/\/adriaticpartner.com\/wp-content\/uploads\/2021\/02\/logo-final.png","contentUrl":"https:\/\/adriaticpartner.com\/wp-content\/uploads\/2021\/02\/logo-final.png","width":1990,"height":458,"caption":"Adriatic Partner"},"image":{"@id":"https:\/\/adriaticpartner.com\/#\/schema\/logo\/image\/"}}]}},"_links":{"self":[{"href":"https:\/\/adriaticpartner.com\/hr\/wp-json\/wp\/v2\/pages\/3888"}],"collection":[{"href":"https:\/\/adriaticpartner.com\/hr\/wp-json\/wp\/v2\/pages"}],"about":[{"href":"https:\/\/adriaticpartner.com\/hr\/wp-json\/wp\/v2\/types\/page"}],"author":[{"embeddable":true,"href":"https:\/\/adriaticpartner.com\/hr\/wp-json\/wp\/v2\/users\/1"}],"replies":[{"embeddable":true,"href":"https:\/\/adriaticpartner.com\/hr\/wp-json\/wp\/v2\/comments?post=3888"}],"version-history":[{"count":3,"href":"https:\/\/adriaticpartner.com\/hr\/wp-json\/wp\/v2\/pages\/3888\/revisions"}],"predecessor-version":[{"id":4024,"href":"https:\/\/adriaticpartner.com\/hr\/wp-json\/wp\/v2\/pages\/3888\/revisions\/4024"}],"up":[{"embeddable":true,"href":"https:\/\/adriaticpartner.com\/hr\/wp-json\/wp\/v2\/pages\/3873"}],"wp:featuredmedia":[{"embeddable":true,"href":"https:\/\/adriaticpartner.com\/hr\/wp-json\/wp\/v2\/media\/1874"}],"wp:attachment":[{"href":"https:\/\/adriaticpartner.com\/hr\/wp-json\/wp\/v2\/media?parent=3888"}],"curies":[{"name":"wp","href":"https:\/\/api.w.org\/{rel}","templated":true}]}}