{"id":3891,"date":"2021-01-13T06:56:16","date_gmt":"2021-01-13T06:56:16","guid":{"rendered":"https:\/\/adriaticpartner.com\/products\/family-time\/"},"modified":"2021-03-26T08:21:56","modified_gmt":"2021-03-26T08:21:56","slug":"vrijeme-za-obitelj","status":"publish","type":"page","link":"https:\/\/adriaticpartner.com\/hr\/products\/vrijeme-za-obitelj\/","title":{"rendered":"Vrijeme za obitelj"},"content":{"rendered":"<p>Bez iznimke, svi cijenimo i po\u0161tujemo vrijeme koje provodimo sa obitelji. Radimo puno, \u010desto i previ\u0161e, pod pritiskom. Nedostaju nam na\u0161i najbli\u017ei i vrijeme s njima. Upravo zbog toga, pa\u017eljivo biramo gdje i kako \u0107emo provesti par slobodnih dana ili godi\u0161nji odmor. Adriatic Partner \u0107e vam pomo\u0107i kreirati bogat itinerar, ispunjen raznolikim aktivnostima za va\u0161e najmanje. Predlo\u017eiti \u0107emo vam brojne aktivnosti -od sportskih aktivnosti, umjetnosti, raznih vje\u0161tina itd. Planirati \u0107emo i koordinirati cjelokupni odmor za vas &#8211; od letova, smje\u0161taja, transfera i svega ostalog potrebno za odmor za pam\u0107enje.\u00a0 Kontaktirajte Adriatic Partner za sve detalje i informacije o na\u0161oj ponudi u Hrvatskoj.<\/p>\n","protected":false},"excerpt":{"rendered":"<p>Bez iznimke, svi cijenimo i po\u0161tujemo vrijeme koje provodimo sa obitelji. Radimo puno, \u010desto i previ\u0161e, pod pritiskom. Nedostaju nam<\/p>\n","protected":false},"author":1,"featured_media":1878,"parent":3873,"menu_order":0,"comment_status":"closed","ping_status":"closed","template":"page-templates\/services.php","meta":{"footnotes":""},"acf":[],"yoast_head":"<!-- This site is optimized with the Yoast SEO plugin v22.7 - https:\/\/yoast.com\/wordpress\/plugins\/seo\/ -->\r\n<title>Vrijeme za obitelj - Adriatic Partner<\/title>\r\n<meta name=\"description\" content=\"Adriatic Partner organizira i osmi\u0161ljava posebno kreirane programe za va\u0161u obitelj, djecu i najmla\u0111e. Kontaktirajte nas....\" \/>\r\n<meta name=\"robots\" content=\"index, follow, max-snippet:-1, max-image-preview:large, max-video-preview:-1\" \/>\r\n<link rel=\"canonical\" href=\"https:\/\/adriaticpartner.com\/hr\/products\/vrijeme-za-obitelj\/\" \/>\r\n<meta property=\"og:locale\" content=\"hr_HR\" \/>\r\n<meta property=\"og:type\" content=\"article\" \/>\r\n<meta property=\"og:title\" content=\"Vrijeme za obitelj - Adriatic Partner\" \/>\r\n<meta property=\"og:description\" content=\"Adriatic Partner organizira i osmi\u0161ljava posebno kreirane programe za va\u0161u obitelj, djecu i najmla\u0111e. Kontaktirajte nas....\" \/>\r\n<meta property=\"og:url\" content=\"https:\/\/adriaticpartner.com\/hr\/products\/vrijeme-za-obitelj\/\" \/>\r\n<meta property=\"og:site_name\" content=\"Adriatic Partner\" \/>\r\n<meta property=\"article:modified_time\" content=\"2021-03-26T08:21:56+00:00\" \/>\r\n<meta property=\"og:image\" content=\"https:\/\/adriaticpartner.com\/wp-content\/uploads\/2021\/01\/family.jpg\" \/>\r\n\t<meta property=\"og:image:width\" content=\"1920\" \/>\r\n\t<meta property=\"og:image:height\" content=\"1282\" \/>\r\n\t<meta property=\"og:image:type\" content=\"image\/jpeg\" \/>\r\n<meta name=\"twitter:card\" content=\"summary_large_image\" \/>\r\n<meta name=\"twitter:label1\" content=\"Procijenjeno vrijeme \u010ditanja\" \/>\n\t<meta name=\"twitter:data1\" content=\"1 minuta\" \/>\r\n<script type=\"application\/ld+json\" class=\"yoast-schema-graph\">{\"@context\":\"https:\/\/schema.org\",\"@graph\":[{\"@type\":\"WebPage\",\"@id\":\"https:\/\/adriaticpartner.com\/hr\/products\/vrijeme-za-obitelj\/\",\"url\":\"https:\/\/adriaticpartner.com\/hr\/products\/vrijeme-za-obitelj\/\",\"name\":\"Vrijeme za obitelj - Adriatic Partner\",\"isPartOf\":{\"@id\":\"https:\/\/adriaticpartner.com\/#website\"},\"primaryImageOfPage\":{\"@id\":\"https:\/\/adriaticpartner.com\/hr\/products\/vrijeme-za-obitelj\/#primaryimage\"},\"image\":{\"@id\":\"https:\/\/adriaticpartner.com\/hr\/products\/vrijeme-za-obitelj\/#primaryimage\"},\"thumbnailUrl\":\"https:\/\/adriaticpartner.com\/wp-content\/uploads\/2021\/01\/family.jpg\",\"datePublished\":\"2021-01-13T06:56:16+00:00\",\"dateModified\":\"2021-03-26T08:21:56+00:00\",\"description\":\"Adriatic Partner organizira i osmi\u0161ljava posebno kreirane programe za va\u0161u obitelj, djecu i najmla\u0111e. Kontaktirajte nas....\",\"breadcrumb\":{\"@id\":\"https:\/\/adriaticpartner.com\/hr\/products\/vrijeme-za-obitelj\/#breadcrumb\"},\"inLanguage\":\"hr\",\"potentialAction\":[{\"@type\":\"ReadAction\",\"target\":[\"https:\/\/adriaticpartner.com\/hr\/products\/vrijeme-za-obitelj\/\"]}]},{\"@type\":\"ImageObject\",\"inLanguage\":\"hr\",\"@id\":\"https:\/\/adriaticpartner.com\/hr\/products\/vrijeme-za-obitelj\/#primaryimage\",\"url\":\"https:\/\/adriaticpartner.com\/wp-content\/uploads\/2021\/01\/family.jpg\",\"contentUrl\":\"https:\/\/adriaticpartner.com\/wp-content\/uploads\/2021\/01\/family.jpg\",\"width\":1920,\"height\":1282},{\"@type\":\"BreadcrumbList\",\"@id\":\"https:\/\/adriaticpartner.com\/hr\/products\/vrijeme-za-obitelj\/#breadcrumb\",\"itemListElement\":[{\"@type\":\"ListItem\",\"position\":1,\"name\":\"Home\",\"item\":\"https:\/\/adriaticpartner.com\/hr\/\"},{\"@type\":\"ListItem\",\"position\":2,\"name\":\"Proizvodi\",\"item\":\"https:\/\/adriaticpartner.com\/hr\/products\/\"},{\"@type\":\"ListItem\",\"position\":3,\"name\":\"Vrijeme za obitelj\"}]},{\"@type\":\"WebSite\",\"@id\":\"https:\/\/adriaticpartner.com\/#website\",\"url\":\"https:\/\/adriaticpartner.com\/\",\"name\":\"Adriatic Partner\",\"description\":\"\",\"publisher\":{\"@id\":\"https:\/\/adriaticpartner.com\/#organization\"},\"potentialAction\":[{\"@type\":\"SearchAction\",\"target\":{\"@type\":\"EntryPoint\",\"urlTemplate\":\"https:\/\/adriaticpartner.com\/?s={search_term_string}\"},\"query-input\":\"required name=search_term_string\"}],\"inLanguage\":\"hr\"},{\"@type\":\"Organization\",\"@id\":\"https:\/\/adriaticpartner.com\/#organization\",\"name\":\"Adriatic Partner\",\"url\":\"https:\/\/adriaticpartner.com\/\",\"logo\":{\"@type\":\"ImageObject\",\"inLanguage\":\"hr\",\"@id\":\"https:\/\/adriaticpartner.com\/#\/schema\/logo\/image\/\",\"url\":\"https:\/\/adriaticpartner.com\/wp-content\/uploads\/2021\/02\/logo-final.png\",\"contentUrl\":\"https:\/\/adriaticpartner.com\/wp-content\/uploads\/2021\/02\/logo-final.png\",\"width\":1990,\"height\":458,\"caption\":\"Adriatic Partner\"},\"image\":{\"@id\":\"https:\/\/adriaticpartner.com\/#\/schema\/logo\/image\/\"}}]}<\/script>\r\n<!-- \/ Yoast SEO plugin. -->","yoast_head_json":{"title":"Vrijeme za obitelj - Adriatic Partner","description":"Adriatic Partner organizira i osmi\u0161ljava posebno kreirane programe za va\u0161u obitelj, djecu i najmla\u0111e. Kontaktirajte nas....","robots":{"index":"index","follow":"follow","max-snippet":"max-snippet:-1","max-image-preview":"max-image-preview:large","max-video-preview":"max-video-preview:-1"},"canonical":"https:\/\/adriaticpartner.com\/hr\/products\/vrijeme-za-obitelj\/","og_locale":"hr_HR","og_type":"article","og_title":"Vrijeme za obitelj - Adriatic Partner","og_description":"Adriatic Partner organizira i osmi\u0161ljava posebno kreirane programe za va\u0161u obitelj, djecu i najmla\u0111e. Kontaktirajte nas....","og_url":"https:\/\/adriaticpartner.com\/hr\/products\/vrijeme-za-obitelj\/","og_site_name":"Adriatic Partner","article_modified_time":"2021-03-26T08:21:56+00:00","og_image":[{"width":1920,"height":1282,"url":"https:\/\/adriaticpartner.com\/wp-content\/uploads\/2021\/01\/family.jpg","type":"image\/jpeg"}],"twitter_card":"summary_large_image","twitter_misc":{"Procijenjeno vrijeme \u010ditanja":"1 minuta"},"schema":{"@context":"https:\/\/schema.org","@graph":[{"@type":"WebPage","@id":"https:\/\/adriaticpartner.com\/hr\/products\/vrijeme-za-obitelj\/","url":"https:\/\/adriaticpartner.com\/hr\/products\/vrijeme-za-obitelj\/","name":"Vrijeme za obitelj - Adriatic Partner","isPartOf":{"@id":"https:\/\/adriaticpartner.com\/#website"},"primaryImageOfPage":{"@id":"https:\/\/adriaticpartner.com\/hr\/products\/vrijeme-za-obitelj\/#primaryimage"},"image":{"@id":"https:\/\/adriaticpartner.com\/hr\/products\/vrijeme-za-obitelj\/#primaryimage"},"thumbnailUrl":"https:\/\/adriaticpartner.com\/wp-content\/uploads\/2021\/01\/family.jpg","datePublished":"2021-01-13T06:56:16+00:00","dateModified":"2021-03-26T08:21:56+00:00","description":"Adriatic Partner organizira i osmi\u0161ljava posebno kreirane programe za va\u0161u obitelj, djecu i najmla\u0111e. Kontaktirajte nas....","breadcrumb":{"@id":"https:\/\/adriaticpartner.com\/hr\/products\/vrijeme-za-obitelj\/#breadcrumb"},"inLanguage":"hr","potentialAction":[{"@type":"ReadAction","target":["https:\/\/adriaticpartner.com\/hr\/products\/vrijeme-za-obitelj\/"]}]},{"@type":"ImageObject","inLanguage":"hr","@id":"https:\/\/adriaticpartner.com\/hr\/products\/vrijeme-za-obitelj\/#primaryimage","url":"https:\/\/adriaticpartner.com\/wp-content\/uploads\/2021\/01\/family.jpg","contentUrl":"https:\/\/adriaticpartner.com\/wp-content\/uploads\/2021\/01\/family.jpg","width":1920,"height":1282},{"@type":"BreadcrumbList","@id":"https:\/\/adriaticpartner.com\/hr\/products\/vrijeme-za-obitelj\/#breadcrumb","itemListElement":[{"@type":"ListItem","position":1,"name":"Home","item":"https:\/\/adriaticpartner.com\/hr\/"},{"@type":"ListItem","position":2,"name":"Proizvodi","item":"https:\/\/adriaticpartner.com\/hr\/products\/"},{"@type":"ListItem","position":3,"name":"Vrijeme za obitelj"}]},{"@type":"WebSite","@id":"https:\/\/adriaticpartner.com\/#website","url":"https:\/\/adriaticpartner.com\/","name":"Adriatic Partner","description":"","publisher":{"@id":"https:\/\/adriaticpartner.com\/#organization"},"potentialAction":[{"@type":"SearchAction","target":{"@type":"EntryPoint","urlTemplate":"https:\/\/adriaticpartner.com\/?s={search_term_string}"},"query-input":"required name=search_term_string"}],"inLanguage":"hr"},{"@type":"Organization","@id":"https:\/\/adriaticpartner.com\/#organization","name":"Adriatic Partner","url":"https:\/\/adriaticpartner.com\/","logo":{"@type":"ImageObject","inLanguage":"hr","@id":"https:\/\/adriaticpartner.com\/#\/schema\/logo\/image\/","url":"https:\/\/adriaticpartner.com\/wp-content\/uploads\/2021\/02\/logo-final.png","contentUrl":"https:\/\/adriaticpartner.com\/wp-content\/uploads\/2021\/02\/logo-final.png","width":1990,"height":458,"caption":"Adriatic Partner"},"image":{"@id":"https:\/\/adriaticpartner.com\/#\/schema\/logo\/image\/"}}]}},"_links":{"self":[{"href":"https:\/\/adriaticpartner.com\/hr\/wp-json\/wp\/v2\/pages\/3891"}],"collection":[{"href":"https:\/\/adriaticpartner.com\/hr\/wp-json\/wp\/v2\/pages"}],"about":[{"href":"https:\/\/adriaticpartner.com\/hr\/wp-json\/wp\/v2\/types\/page"}],"author":[{"embeddable":true,"href":"https:\/\/adriaticpartner.com\/hr\/wp-json\/wp\/v2\/users\/1"}],"replies":[{"embeddable":true,"href":"https:\/\/adriaticpartner.com\/hr\/wp-json\/wp\/v2\/comments?post=3891"}],"version-history":[{"count":4,"href":"https:\/\/adriaticpartner.com\/hr\/wp-json\/wp\/v2\/pages\/3891\/revisions"}],"predecessor-version":[{"id":4235,"href":"https:\/\/adriaticpartner.com\/hr\/wp-json\/wp\/v2\/pages\/3891\/revisions\/4235"}],"up":[{"embeddable":true,"href":"https:\/\/adriaticpartner.com\/hr\/wp-json\/wp\/v2\/pages\/3873"}],"wp:featuredmedia":[{"embeddable":true,"href":"https:\/\/adriaticpartner.com\/hr\/wp-json\/wp\/v2\/media\/1878"}],"wp:attachment":[{"href":"https:\/\/adriaticpartner.com\/hr\/wp-json\/wp\/v2\/media?parent=3891"}],"curies":[{"name":"wp","href":"https:\/\/api.w.org\/{rel}","templated":true}]}}