{"id":3895,"date":"2021-01-13T09:59:00","date_gmt":"2021-01-13T09:59:00","guid":{"rendered":"https:\/\/adriaticpartner.com\/tours-and-excursions\/"},"modified":"2021-03-09T16:06:16","modified_gmt":"2021-03-09T16:06:16","slug":"tours-and-excursions","status":"publish","type":"page","link":"https:\/\/adriaticpartner.com\/hr\/tours-and-excursions\/","title":{"rendered":"Ture i izleti"},"content":{"rendered":"<p>Ne vjerujemo u koncept kako jednom rje\u0161enje odgovara svima. Adriatic Partner je butik agencija koja kreira jedinstvena i posebno krojeno turisti\u010dka rje\u0161enja individualnog koncepta. Ponosimo se na\u0161im inovativnim i jedinstvenim proizvodima i uslugama. S na\u0161im insider preporukama, do\u017eivjet \u0107ete ono najbolje \u0161to Hrvatska nudi. Portfolio Adriatic Partner-a uklju\u010duje samo najbolje izlete iz svake od hrvatskih regija. Istaknuli smo samo one za koje smo dobili najbolje recenzije i preporuke od strane na\u0161ih klijenata i gostiju te smo sigurni kako \u0107ete do\u017eivjeti trenutke za pam\u0107enje u okviru na\u0161ih raznovrsnih programa. Svi izleti su profesionalno vo\u0111eni, \u010desto i na vi\u0161e jezika, od strane licenciranih i educiranih vodi\u010da.<\/p>\n<p>Pridru\u017eite nam se na jednom od ponu\u0111enih izleta ili nas kontaktirajte kako bi vam predlo\u017eili dodatne aktivnosti ili izlete, slijedom va\u0161ih \u017eelja i inputa.<\/p>\n<p>&nbsp;<\/p>\n<p>&nbsp;<\/p>\n","protected":false},"excerpt":{"rendered":"<p>Ne vjerujemo u koncept kako jednom rje\u0161enje odgovara svima. Adriatic Partner je butik agencija koja kreira jedinstvena i posebno krojeno<\/p>\n","protected":false},"author":1,"featured_media":1642,"parent":0,"menu_order":0,"comment_status":"closed","ping_status":"closed","template":"page-templates\/tours.php","meta":{"footnotes":""},"acf":[],"yoast_head":"<!-- This site is optimized with the Yoast SEO plugin v22.7 - https:\/\/yoast.com\/wordpress\/plugins\/seo\/ -->\r\n<title>Ture i izleti - Adriatic Partner<\/title>\r\n<meta name=\"description\" content=\"Pridru\u017eite nam se na jednom od ponu\u0111enih izleta ili nas kontaktirajte kako bi vam predlo\u017eili dodatne aktivnosti ili izlete, slijedom va\u0161ih \u017eelja i inputa.\u00a0\u00a0\" \/>\r\n<meta name=\"robots\" content=\"index, follow, max-snippet:-1, max-image-preview:large, max-video-preview:-1\" \/>\r\n<link rel=\"canonical\" href=\"https:\/\/adriaticpartner.com\/hr\/tours-and-excursions\/\" \/>\r\n<meta property=\"og:locale\" content=\"hr_HR\" \/>\r\n<meta property=\"og:type\" content=\"article\" \/>\r\n<meta property=\"og:title\" content=\"Ture i izleti - Adriatic Partner\" \/>\r\n<meta property=\"og:description\" content=\"Pridru\u017eite nam se na jednom od ponu\u0111enih izleta ili nas kontaktirajte kako bi vam predlo\u017eili dodatne aktivnosti ili izlete, slijedom va\u0161ih \u017eelja i inputa.\u00a0\u00a0\" \/>\r\n<meta property=\"og:url\" content=\"https:\/\/adriaticpartner.com\/hr\/tours-and-excursions\/\" \/>\r\n<meta property=\"og:site_name\" content=\"Adriatic Partner\" \/>\r\n<meta property=\"article:modified_time\" content=\"2021-03-09T16:06:16+00:00\" \/>\r\n<meta property=\"og:image\" content=\"https:\/\/adriaticpartner.com\/wp-content\/uploads\/2021\/01\/concierge-1.jpg\" \/>\r\n\t<meta property=\"og:image:width\" content=\"1920\" \/>\r\n\t<meta property=\"og:image:height\" content=\"1282\" \/>\r\n\t<meta property=\"og:image:type\" content=\"image\/jpeg\" \/>\r\n<meta name=\"twitter:card\" content=\"summary_large_image\" \/>\r\n<meta name=\"twitter:label1\" content=\"Procijenjeno vrijeme \u010ditanja\" \/>\n\t<meta name=\"twitter:data1\" content=\"1 minuta\" \/>\r\n<script type=\"application\/ld+json\" class=\"yoast-schema-graph\">{\"@context\":\"https:\/\/schema.org\",\"@graph\":[{\"@type\":\"WebPage\",\"@id\":\"https:\/\/adriaticpartner.com\/hr\/tours-and-excursions\/\",\"url\":\"https:\/\/adriaticpartner.com\/hr\/tours-and-excursions\/\",\"name\":\"Ture i izleti - Adriatic Partner\",\"isPartOf\":{\"@id\":\"https:\/\/adriaticpartner.com\/#website\"},\"primaryImageOfPage\":{\"@id\":\"https:\/\/adriaticpartner.com\/hr\/tours-and-excursions\/#primaryimage\"},\"image\":{\"@id\":\"https:\/\/adriaticpartner.com\/hr\/tours-and-excursions\/#primaryimage\"},\"thumbnailUrl\":\"https:\/\/adriaticpartner.com\/wp-content\/uploads\/2021\/01\/concierge-1.jpg\",\"datePublished\":\"2021-01-13T09:59:00+00:00\",\"dateModified\":\"2021-03-09T16:06:16+00:00\",\"description\":\"Pridru\u017eite nam se na jednom od ponu\u0111enih izleta ili nas kontaktirajte kako bi vam predlo\u017eili dodatne aktivnosti ili izlete, slijedom va\u0161ih \u017eelja i inputa.\u00a0\u00a0\",\"breadcrumb\":{\"@id\":\"https:\/\/adriaticpartner.com\/hr\/tours-and-excursions\/#breadcrumb\"},\"inLanguage\":\"hr\",\"potentialAction\":[{\"@type\":\"ReadAction\",\"target\":[\"https:\/\/adriaticpartner.com\/hr\/tours-and-excursions\/\"]}]},{\"@type\":\"ImageObject\",\"inLanguage\":\"hr\",\"@id\":\"https:\/\/adriaticpartner.com\/hr\/tours-and-excursions\/#primaryimage\",\"url\":\"https:\/\/adriaticpartner.com\/wp-content\/uploads\/2021\/01\/concierge-1.jpg\",\"contentUrl\":\"https:\/\/adriaticpartner.com\/wp-content\/uploads\/2021\/01\/concierge-1.jpg\",\"width\":1920,\"height\":1282},{\"@type\":\"BreadcrumbList\",\"@id\":\"https:\/\/adriaticpartner.com\/hr\/tours-and-excursions\/#breadcrumb\",\"itemListElement\":[{\"@type\":\"ListItem\",\"position\":1,\"name\":\"Home\",\"item\":\"https:\/\/adriaticpartner.com\/hr\/\"},{\"@type\":\"ListItem\",\"position\":2,\"name\":\"Ture i izleti\"}]},{\"@type\":\"WebSite\",\"@id\":\"https:\/\/adriaticpartner.com\/#website\",\"url\":\"https:\/\/adriaticpartner.com\/\",\"name\":\"Adriatic Partner\",\"description\":\"\",\"publisher\":{\"@id\":\"https:\/\/adriaticpartner.com\/#organization\"},\"potentialAction\":[{\"@type\":\"SearchAction\",\"target\":{\"@type\":\"EntryPoint\",\"urlTemplate\":\"https:\/\/adriaticpartner.com\/?s={search_term_string}\"},\"query-input\":\"required name=search_term_string\"}],\"inLanguage\":\"hr\"},{\"@type\":\"Organization\",\"@id\":\"https:\/\/adriaticpartner.com\/#organization\",\"name\":\"Adriatic Partner\",\"url\":\"https:\/\/adriaticpartner.com\/\",\"logo\":{\"@type\":\"ImageObject\",\"inLanguage\":\"hr\",\"@id\":\"https:\/\/adriaticpartner.com\/#\/schema\/logo\/image\/\",\"url\":\"https:\/\/adriaticpartner.com\/wp-content\/uploads\/2021\/02\/logo-final.png\",\"contentUrl\":\"https:\/\/adriaticpartner.com\/wp-content\/uploads\/2021\/02\/logo-final.png\",\"width\":1990,\"height\":458,\"caption\":\"Adriatic Partner\"},\"image\":{\"@id\":\"https:\/\/adriaticpartner.com\/#\/schema\/logo\/image\/\"}}]}<\/script>\r\n<!-- \/ Yoast SEO plugin. -->","yoast_head_json":{"title":"Ture i izleti - Adriatic Partner","description":"Pridru\u017eite nam se na jednom od ponu\u0111enih izleta ili nas kontaktirajte kako bi vam predlo\u017eili dodatne aktivnosti ili izlete, slijedom va\u0161ih \u017eelja i inputa.\u00a0\u00a0","robots":{"index":"index","follow":"follow","max-snippet":"max-snippet:-1","max-image-preview":"max-image-preview:large","max-video-preview":"max-video-preview:-1"},"canonical":"https:\/\/adriaticpartner.com\/hr\/tours-and-excursions\/","og_locale":"hr_HR","og_type":"article","og_title":"Ture i izleti - Adriatic Partner","og_description":"Pridru\u017eite nam se na jednom od ponu\u0111enih izleta ili nas kontaktirajte kako bi vam predlo\u017eili dodatne aktivnosti ili izlete, slijedom va\u0161ih \u017eelja i inputa.\u00a0\u00a0","og_url":"https:\/\/adriaticpartner.com\/hr\/tours-and-excursions\/","og_site_name":"Adriatic Partner","article_modified_time":"2021-03-09T16:06:16+00:00","og_image":[{"width":1920,"height":1282,"url":"https:\/\/adriaticpartner.com\/wp-content\/uploads\/2021\/01\/concierge-1.jpg","type":"image\/jpeg"}],"twitter_card":"summary_large_image","twitter_misc":{"Procijenjeno vrijeme \u010ditanja":"1 minuta"},"schema":{"@context":"https:\/\/schema.org","@graph":[{"@type":"WebPage","@id":"https:\/\/adriaticpartner.com\/hr\/tours-and-excursions\/","url":"https:\/\/adriaticpartner.com\/hr\/tours-and-excursions\/","name":"Ture i izleti - Adriatic Partner","isPartOf":{"@id":"https:\/\/adriaticpartner.com\/#website"},"primaryImageOfPage":{"@id":"https:\/\/adriaticpartner.com\/hr\/tours-and-excursions\/#primaryimage"},"image":{"@id":"https:\/\/adriaticpartner.com\/hr\/tours-and-excursions\/#primaryimage"},"thumbnailUrl":"https:\/\/adriaticpartner.com\/wp-content\/uploads\/2021\/01\/concierge-1.jpg","datePublished":"2021-01-13T09:59:00+00:00","dateModified":"2021-03-09T16:06:16+00:00","description":"Pridru\u017eite nam se na jednom od ponu\u0111enih izleta ili nas kontaktirajte kako bi vam predlo\u017eili dodatne aktivnosti ili izlete, slijedom va\u0161ih \u017eelja i inputa.\u00a0\u00a0","breadcrumb":{"@id":"https:\/\/adriaticpartner.com\/hr\/tours-and-excursions\/#breadcrumb"},"inLanguage":"hr","potentialAction":[{"@type":"ReadAction","target":["https:\/\/adriaticpartner.com\/hr\/tours-and-excursions\/"]}]},{"@type":"ImageObject","inLanguage":"hr","@id":"https:\/\/adriaticpartner.com\/hr\/tours-and-excursions\/#primaryimage","url":"https:\/\/adriaticpartner.com\/wp-content\/uploads\/2021\/01\/concierge-1.jpg","contentUrl":"https:\/\/adriaticpartner.com\/wp-content\/uploads\/2021\/01\/concierge-1.jpg","width":1920,"height":1282},{"@type":"BreadcrumbList","@id":"https:\/\/adriaticpartner.com\/hr\/tours-and-excursions\/#breadcrumb","itemListElement":[{"@type":"ListItem","position":1,"name":"Home","item":"https:\/\/adriaticpartner.com\/hr\/"},{"@type":"ListItem","position":2,"name":"Ture i izleti"}]},{"@type":"WebSite","@id":"https:\/\/adriaticpartner.com\/#website","url":"https:\/\/adriaticpartner.com\/","name":"Adriatic Partner","description":"","publisher":{"@id":"https:\/\/adriaticpartner.com\/#organization"},"potentialAction":[{"@type":"SearchAction","target":{"@type":"EntryPoint","urlTemplate":"https:\/\/adriaticpartner.com\/?s={search_term_string}"},"query-input":"required name=search_term_string"}],"inLanguage":"hr"},{"@type":"Organization","@id":"https:\/\/adriaticpartner.com\/#organization","name":"Adriatic Partner","url":"https:\/\/adriaticpartner.com\/","logo":{"@type":"ImageObject","inLanguage":"hr","@id":"https:\/\/adriaticpartner.com\/#\/schema\/logo\/image\/","url":"https:\/\/adriaticpartner.com\/wp-content\/uploads\/2021\/02\/logo-final.png","contentUrl":"https:\/\/adriaticpartner.com\/wp-content\/uploads\/2021\/02\/logo-final.png","width":1990,"height":458,"caption":"Adriatic Partner"},"image":{"@id":"https:\/\/adriaticpartner.com\/#\/schema\/logo\/image\/"}}]}},"_links":{"self":[{"href":"https:\/\/adriaticpartner.com\/hr\/wp-json\/wp\/v2\/pages\/3895"}],"collection":[{"href":"https:\/\/adriaticpartner.com\/hr\/wp-json\/wp\/v2\/pages"}],"about":[{"href":"https:\/\/adriaticpartner.com\/hr\/wp-json\/wp\/v2\/types\/page"}],"author":[{"embeddable":true,"href":"https:\/\/adriaticpartner.com\/hr\/wp-json\/wp\/v2\/users\/1"}],"replies":[{"embeddable":true,"href":"https:\/\/adriaticpartner.com\/hr\/wp-json\/wp\/v2\/comments?post=3895"}],"version-history":[{"count":2,"href":"https:\/\/adriaticpartner.com\/hr\/wp-json\/wp\/v2\/pages\/3895\/revisions"}],"predecessor-version":[{"id":3996,"href":"https:\/\/adriaticpartner.com\/hr\/wp-json\/wp\/v2\/pages\/3895\/revisions\/3996"}],"wp:featuredmedia":[{"embeddable":true,"href":"https:\/\/adriaticpartner.com\/hr\/wp-json\/wp\/v2\/media\/1642"}],"wp:attachment":[{"href":"https:\/\/adriaticpartner.com\/hr\/wp-json\/wp\/v2\/media?parent=3895"}],"curies":[{"name":"wp","href":"https:\/\/api.w.org\/{rel}","templated":true}]}}