{"id":4076,"date":"2021-01-18T16:21:13","date_gmt":"2021-01-18T16:21:13","guid":{"rendered":"https:\/\/adriaticpartner.com\/partner-login\/"},"modified":"2021-03-11T20:47:49","modified_gmt":"2021-03-11T20:47:49","slug":"partner-login","status":"publish","type":"page","link":"https:\/\/adriaticpartner.com\/hr\/partner-login\/","title":{"rendered":"Partner Login"},"content":{"rendered":"<p style=\"text-align: center;\">Dragi partneri,<\/p>\n<p style=\"text-align: center;\">Dobrodo\u0161li na Adriatic Partner &#8211; partner login. Ovdje mo\u017eete pristupiti rezervacijskom sistemu za na\u0161e izlete.<\/p>\n<p style=\"text-align: center;\">Kako bi pristupili rezervacijskom sistemu, pozivamo vas da slijedite ovaj link te unesete potrebne podatke:<\/p>\n<p style=\"text-align: center;\"><a href=\"https:\/\/app.nostress4u.net\/login\" target=\"_blank\" rel=\"nofollow noopener\">https:\/\/app.nostress4u.net\/login<\/a><\/p>\n<p style=\"text-align: center;\">Ukoliko nemate login detalje, predla\u017eemo da nas kontaktirate<\/p>\n<p style=\"text-align: center;\">Veselimo se suradnji!<\/p>\n","protected":false},"excerpt":{"rendered":"<p>Dragi partneri, Dobrodo\u0161li na Adriatic Partner &#8211; partner login. Ovdje mo\u017eete pristupiti rezervacijskom sistemu za na\u0161e izlete. Kako bi pristupili<\/p>\n","protected":false},"author":1,"featured_media":2146,"parent":0,"menu_order":0,"comment_status":"closed","ping_status":"closed","template":"page-templates\/simple-page.php","meta":{"footnotes":""},"acf":[],"yoast_head":"<!-- This site is optimized with the Yoast SEO plugin v22.7 - https:\/\/yoast.com\/wordpress\/plugins\/seo\/ -->\r\n<title>Partner Login - Adriatic Partner<\/title>\r\n<meta name=\"description\" content=\"Looking for a holiday to Croatia? Adriatic Partner creates bespoke holiday experience. Contact us villa rentals, tours and excursions, gourmet specials...\" \/>\r\n<meta name=\"robots\" content=\"index, follow, max-snippet:-1, max-image-preview:large, max-video-preview:-1\" \/>\r\n<link rel=\"canonical\" href=\"https:\/\/adriaticpartner.com\/hr\/partner-login\/\" \/>\r\n<meta property=\"og:locale\" content=\"hr_HR\" \/>\r\n<meta property=\"og:type\" content=\"article\" \/>\r\n<meta property=\"og:title\" content=\"Partner Login - Adriatic Partner\" \/>\r\n<meta property=\"og:description\" content=\"Looking for a holiday to Croatia? Adriatic Partner creates bespoke holiday experience. Contact us villa rentals, tours and excursions, gourmet specials...\" \/>\r\n<meta property=\"og:url\" content=\"https:\/\/adriaticpartner.com\/hr\/partner-login\/\" \/>\r\n<meta property=\"og:site_name\" content=\"Adriatic Partner\" \/>\r\n<meta property=\"article:modified_time\" content=\"2021-03-11T20:47:49+00:00\" \/>\r\n<meta property=\"og:image\" content=\"https:\/\/adriaticpartner.com\/wp-content\/uploads\/2021\/01\/partner-login.jpg\" \/>\r\n\t<meta property=\"og:image:width\" content=\"1920\" \/>\r\n\t<meta property=\"og:image:height\" content=\"1280\" \/>\r\n\t<meta property=\"og:image:type\" content=\"image\/jpeg\" \/>\r\n<meta name=\"twitter:card\" content=\"summary_large_image\" \/>\r\n<meta name=\"twitter:label1\" content=\"Procijenjeno vrijeme \u010ditanja\" \/>\n\t<meta name=\"twitter:data1\" content=\"1 minuta\" \/>\r\n<script type=\"application\/ld+json\" class=\"yoast-schema-graph\">{\"@context\":\"https:\/\/schema.org\",\"@graph\":[{\"@type\":\"WebPage\",\"@id\":\"https:\/\/adriaticpartner.com\/hr\/partner-login\/\",\"url\":\"https:\/\/adriaticpartner.com\/hr\/partner-login\/\",\"name\":\"Partner Login - Adriatic Partner\",\"isPartOf\":{\"@id\":\"https:\/\/adriaticpartner.com\/#website\"},\"primaryImageOfPage\":{\"@id\":\"https:\/\/adriaticpartner.com\/hr\/partner-login\/#primaryimage\"},\"image\":{\"@id\":\"https:\/\/adriaticpartner.com\/hr\/partner-login\/#primaryimage\"},\"thumbnailUrl\":\"https:\/\/adriaticpartner.com\/wp-content\/uploads\/2021\/01\/partner-login.jpg\",\"datePublished\":\"2021-01-18T16:21:13+00:00\",\"dateModified\":\"2021-03-11T20:47:49+00:00\",\"description\":\"Looking for a holiday to Croatia? Adriatic Partner creates bespoke holiday experience. Contact us villa rentals, tours and excursions, gourmet specials...\",\"breadcrumb\":{\"@id\":\"https:\/\/adriaticpartner.com\/hr\/partner-login\/#breadcrumb\"},\"inLanguage\":\"hr\",\"potentialAction\":[{\"@type\":\"ReadAction\",\"target\":[\"https:\/\/adriaticpartner.com\/hr\/partner-login\/\"]}]},{\"@type\":\"ImageObject\",\"inLanguage\":\"hr\",\"@id\":\"https:\/\/adriaticpartner.com\/hr\/partner-login\/#primaryimage\",\"url\":\"https:\/\/adriaticpartner.com\/wp-content\/uploads\/2021\/01\/partner-login.jpg\",\"contentUrl\":\"https:\/\/adriaticpartner.com\/wp-content\/uploads\/2021\/01\/partner-login.jpg\",\"width\":1920,\"height\":1280},{\"@type\":\"BreadcrumbList\",\"@id\":\"https:\/\/adriaticpartner.com\/hr\/partner-login\/#breadcrumb\",\"itemListElement\":[{\"@type\":\"ListItem\",\"position\":1,\"name\":\"Home\",\"item\":\"https:\/\/adriaticpartner.com\/hr\/\"},{\"@type\":\"ListItem\",\"position\":2,\"name\":\"Partner Login\"}]},{\"@type\":\"WebSite\",\"@id\":\"https:\/\/adriaticpartner.com\/#website\",\"url\":\"https:\/\/adriaticpartner.com\/\",\"name\":\"Adriatic Partner\",\"description\":\"\",\"publisher\":{\"@id\":\"https:\/\/adriaticpartner.com\/#organization\"},\"potentialAction\":[{\"@type\":\"SearchAction\",\"target\":{\"@type\":\"EntryPoint\",\"urlTemplate\":\"https:\/\/adriaticpartner.com\/?s={search_term_string}\"},\"query-input\":\"required name=search_term_string\"}],\"inLanguage\":\"hr\"},{\"@type\":\"Organization\",\"@id\":\"https:\/\/adriaticpartner.com\/#organization\",\"name\":\"Adriatic Partner\",\"url\":\"https:\/\/adriaticpartner.com\/\",\"logo\":{\"@type\":\"ImageObject\",\"inLanguage\":\"hr\",\"@id\":\"https:\/\/adriaticpartner.com\/#\/schema\/logo\/image\/\",\"url\":\"https:\/\/adriaticpartner.com\/wp-content\/uploads\/2021\/02\/logo-final.png\",\"contentUrl\":\"https:\/\/adriaticpartner.com\/wp-content\/uploads\/2021\/02\/logo-final.png\",\"width\":1990,\"height\":458,\"caption\":\"Adriatic Partner\"},\"image\":{\"@id\":\"https:\/\/adriaticpartner.com\/#\/schema\/logo\/image\/\"}}]}<\/script>\r\n<!-- \/ Yoast SEO plugin. -->","yoast_head_json":{"title":"Partner Login - Adriatic Partner","description":"Looking for a holiday to Croatia? Adriatic Partner creates bespoke holiday experience. Contact us villa rentals, tours and excursions, gourmet specials...","robots":{"index":"index","follow":"follow","max-snippet":"max-snippet:-1","max-image-preview":"max-image-preview:large","max-video-preview":"max-video-preview:-1"},"canonical":"https:\/\/adriaticpartner.com\/hr\/partner-login\/","og_locale":"hr_HR","og_type":"article","og_title":"Partner Login - Adriatic Partner","og_description":"Looking for a holiday to Croatia? Adriatic Partner creates bespoke holiday experience. Contact us villa rentals, tours and excursions, gourmet specials...","og_url":"https:\/\/adriaticpartner.com\/hr\/partner-login\/","og_site_name":"Adriatic Partner","article_modified_time":"2021-03-11T20:47:49+00:00","og_image":[{"width":1920,"height":1280,"url":"https:\/\/adriaticpartner.com\/wp-content\/uploads\/2021\/01\/partner-login.jpg","type":"image\/jpeg"}],"twitter_card":"summary_large_image","twitter_misc":{"Procijenjeno vrijeme \u010ditanja":"1 minuta"},"schema":{"@context":"https:\/\/schema.org","@graph":[{"@type":"WebPage","@id":"https:\/\/adriaticpartner.com\/hr\/partner-login\/","url":"https:\/\/adriaticpartner.com\/hr\/partner-login\/","name":"Partner Login - Adriatic Partner","isPartOf":{"@id":"https:\/\/adriaticpartner.com\/#website"},"primaryImageOfPage":{"@id":"https:\/\/adriaticpartner.com\/hr\/partner-login\/#primaryimage"},"image":{"@id":"https:\/\/adriaticpartner.com\/hr\/partner-login\/#primaryimage"},"thumbnailUrl":"https:\/\/adriaticpartner.com\/wp-content\/uploads\/2021\/01\/partner-login.jpg","datePublished":"2021-01-18T16:21:13+00:00","dateModified":"2021-03-11T20:47:49+00:00","description":"Looking for a holiday to Croatia? Adriatic Partner creates bespoke holiday experience. Contact us villa rentals, tours and excursions, gourmet specials...","breadcrumb":{"@id":"https:\/\/adriaticpartner.com\/hr\/partner-login\/#breadcrumb"},"inLanguage":"hr","potentialAction":[{"@type":"ReadAction","target":["https:\/\/adriaticpartner.com\/hr\/partner-login\/"]}]},{"@type":"ImageObject","inLanguage":"hr","@id":"https:\/\/adriaticpartner.com\/hr\/partner-login\/#primaryimage","url":"https:\/\/adriaticpartner.com\/wp-content\/uploads\/2021\/01\/partner-login.jpg","contentUrl":"https:\/\/adriaticpartner.com\/wp-content\/uploads\/2021\/01\/partner-login.jpg","width":1920,"height":1280},{"@type":"BreadcrumbList","@id":"https:\/\/adriaticpartner.com\/hr\/partner-login\/#breadcrumb","itemListElement":[{"@type":"ListItem","position":1,"name":"Home","item":"https:\/\/adriaticpartner.com\/hr\/"},{"@type":"ListItem","position":2,"name":"Partner Login"}]},{"@type":"WebSite","@id":"https:\/\/adriaticpartner.com\/#website","url":"https:\/\/adriaticpartner.com\/","name":"Adriatic Partner","description":"","publisher":{"@id":"https:\/\/adriaticpartner.com\/#organization"},"potentialAction":[{"@type":"SearchAction","target":{"@type":"EntryPoint","urlTemplate":"https:\/\/adriaticpartner.com\/?s={search_term_string}"},"query-input":"required name=search_term_string"}],"inLanguage":"hr"},{"@type":"Organization","@id":"https:\/\/adriaticpartner.com\/#organization","name":"Adriatic Partner","url":"https:\/\/adriaticpartner.com\/","logo":{"@type":"ImageObject","inLanguage":"hr","@id":"https:\/\/adriaticpartner.com\/#\/schema\/logo\/image\/","url":"https:\/\/adriaticpartner.com\/wp-content\/uploads\/2021\/02\/logo-final.png","contentUrl":"https:\/\/adriaticpartner.com\/wp-content\/uploads\/2021\/02\/logo-final.png","width":1990,"height":458,"caption":"Adriatic Partner"},"image":{"@id":"https:\/\/adriaticpartner.com\/#\/schema\/logo\/image\/"}}]}},"_links":{"self":[{"href":"https:\/\/adriaticpartner.com\/hr\/wp-json\/wp\/v2\/pages\/4076"}],"collection":[{"href":"https:\/\/adriaticpartner.com\/hr\/wp-json\/wp\/v2\/pages"}],"about":[{"href":"https:\/\/adriaticpartner.com\/hr\/wp-json\/wp\/v2\/types\/page"}],"author":[{"embeddable":true,"href":"https:\/\/adriaticpartner.com\/hr\/wp-json\/wp\/v2\/users\/1"}],"replies":[{"embeddable":true,"href":"https:\/\/adriaticpartner.com\/hr\/wp-json\/wp\/v2\/comments?post=4076"}],"version-history":[{"count":2,"href":"https:\/\/adriaticpartner.com\/hr\/wp-json\/wp\/v2\/pages\/4076\/revisions"}],"predecessor-version":[{"id":4078,"href":"https:\/\/adriaticpartner.com\/hr\/wp-json\/wp\/v2\/pages\/4076\/revisions\/4078"}],"wp:featuredmedia":[{"embeddable":true,"href":"https:\/\/adriaticpartner.com\/hr\/wp-json\/wp\/v2\/media\/2146"}],"wp:attachment":[{"href":"https:\/\/adriaticpartner.com\/hr\/wp-json\/wp\/v2\/media?parent=4076"}],"curies":[{"name":"wp","href":"https:\/\/api.w.org\/{rel}","templated":true}]}}