{"id":4094,"date":"2021-01-19T14:43:01","date_gmt":"2021-01-19T14:43:01","guid":{"rendered":"https:\/\/adriaticpartner.com\/privacy-policy-and-cookies\/"},"modified":"2021-03-11T21:38:46","modified_gmt":"2021-03-11T21:38:46","slug":"privacy-policy-and-cookies","status":"publish","type":"page","link":"https:\/\/adriaticpartner.com\/hr\/privacy-policy-and-cookies\/","title":{"rendered":"Politika privatosti i kola\u010di\u0107i"},"content":{"rendered":"<p>U potpunosti smo predani za\u0161titi i po\u0161tovanju va\u0161e privatnosti. Ovim dokumentom definiramo politiku privatnosti Adriatic Partner-a kao i sve detalje o tzv. kola\u010di\u0107ima.<\/p>\n<p>Pprikupljamo podatke kad posjetite ili koristite na\u0161u stranicu.\u00a0 Imajte na umu da prikupljamo i koristimo podatke o va\u0161oj IP adresi.<\/p>\n<p>Ova politika privatnosti definira kako koristimo va\u0161e informacije:<\/p>\n<ul>\n<li>kako bi pru\u017eili usluge putovanja<\/li>\n<li>kako bi potra\u017eili va\u0161a mi\u0161ljenja ili trendova<\/li>\n<li>kako bi vam slali posebne ponude i\/ili pakete<\/li>\n<li>kako bi vam poslali ponudu slijedom va\u0161eg tra\u017eenja<\/li>\n<\/ul>\n<p>Sljede\u0107e podatke skupljamo: va\u0161 kontakt, rezervacijske detalje, ime i prezime, email i sve ostale podatke koji su nam potrebni kako bi izvr\u0161ili rezervaciju.<\/p>\n<p>Tako\u0111er, ukoliko imamo obvezu dostaviti va\u0161e podatke, onima koji su autorizirani tra\u017eiti &#8211; Vlada RH i njene institucije, spomenuto \u0107emo napraviti. Ukoliko ne \u017eelite da koristimo va\u0161e podatke, obratite se GDPR slu\u017ebeniku. Tako\u0111er, ukoliko imate dodatna pitanja vezano za na\u0161u politiku privatnosti i drugo, pozivamo vas da se obratite na\u0161em GDPR slubeniku &#8211; martinija@adriaticpartner.com<\/p>\n<p>Ukoliko se ne sla\u017eete s na\u0161om politikom privatnosti, nemojte koristiti uslugu. Imajte na umu da u svakom trenutku mo\u017eete zatra\u017eiti da pristupite svojim informacijama, kao i da iste izbri\u0161emo ili zabraniti nam da procesuriramo va\u0161e podatke.<\/p>\n","protected":false},"excerpt":{"rendered":"<p>U potpunosti smo predani za\u0161titi i po\u0161tovanju va\u0161e privatnosti. Ovim dokumentom definiramo politiku privatnosti Adriatic Partner-a kao i sve detalje<\/p>\n","protected":false},"author":1,"featured_media":0,"parent":0,"menu_order":0,"comment_status":"closed","ping_status":"closed","template":"page-templates\/simple-page.php","meta":{"footnotes":""},"acf":[],"yoast_head":"<!-- This site is optimized with the Yoast SEO plugin v22.7 - https:\/\/yoast.com\/wordpress\/plugins\/seo\/ -->\r\n<title>Politika privatosti i kola\u010di\u0107i - Adriatic Partner<\/title>\r\n<meta name=\"description\" content=\"Looking for a holiday to Croatia? Adriatic Partner creates bespoke holiday experience. Contact us villa rentals, tours and excursions, gourmet specials...\" \/>\r\n<meta name=\"robots\" content=\"index, follow, max-snippet:-1, max-image-preview:large, max-video-preview:-1\" \/>\r\n<link rel=\"canonical\" href=\"https:\/\/adriaticpartner.com\/hr\/privacy-policy-and-cookies\/\" \/>\r\n<meta property=\"og:locale\" content=\"hr_HR\" \/>\r\n<meta property=\"og:type\" content=\"article\" \/>\r\n<meta property=\"og:title\" content=\"Politika privatosti i kola\u010di\u0107i - Adriatic Partner\" \/>\r\n<meta property=\"og:description\" content=\"Looking for a holiday to Croatia? Adriatic Partner creates bespoke holiday experience. Contact us villa rentals, tours and excursions, gourmet specials...\" \/>\r\n<meta property=\"og:url\" content=\"https:\/\/adriaticpartner.com\/hr\/privacy-policy-and-cookies\/\" \/>\r\n<meta property=\"og:site_name\" content=\"Adriatic Partner\" \/>\r\n<meta property=\"article:modified_time\" content=\"2021-03-11T21:38:46+00:00\" \/>\r\n<meta property=\"og:image\" content=\"https:\/\/adriaticpartner.com\/wp-content\/uploads\/2021\/01\/tours-dubrovnik.jpg\" \/>\r\n\t<meta property=\"og:image:width\" content=\"1889\" \/>\r\n\t<meta property=\"og:image:height\" content=\"977\" \/>\r\n\t<meta property=\"og:image:type\" content=\"image\/jpeg\" \/>\r\n<meta name=\"twitter:card\" content=\"summary_large_image\" \/>\r\n<meta name=\"twitter:label1\" content=\"Procijenjeno vrijeme \u010ditanja\" \/>\n\t<meta name=\"twitter:data1\" content=\"1 minuta\" \/>\r\n<script type=\"application\/ld+json\" class=\"yoast-schema-graph\">{\"@context\":\"https:\/\/schema.org\",\"@graph\":[{\"@type\":\"WebPage\",\"@id\":\"https:\/\/adriaticpartner.com\/hr\/privacy-policy-and-cookies\/\",\"url\":\"https:\/\/adriaticpartner.com\/hr\/privacy-policy-and-cookies\/\",\"name\":\"Politika privatosti i kola\u010di\u0107i - Adriatic Partner\",\"isPartOf\":{\"@id\":\"https:\/\/adriaticpartner.com\/#website\"},\"datePublished\":\"2021-01-19T14:43:01+00:00\",\"dateModified\":\"2021-03-11T21:38:46+00:00\",\"description\":\"Looking for a holiday to Croatia? Adriatic Partner creates bespoke holiday experience. Contact us villa rentals, tours and excursions, gourmet specials...\",\"breadcrumb\":{\"@id\":\"https:\/\/adriaticpartner.com\/hr\/privacy-policy-and-cookies\/#breadcrumb\"},\"inLanguage\":\"hr\",\"potentialAction\":[{\"@type\":\"ReadAction\",\"target\":[\"https:\/\/adriaticpartner.com\/hr\/privacy-policy-and-cookies\/\"]}]},{\"@type\":\"BreadcrumbList\",\"@id\":\"https:\/\/adriaticpartner.com\/hr\/privacy-policy-and-cookies\/#breadcrumb\",\"itemListElement\":[{\"@type\":\"ListItem\",\"position\":1,\"name\":\"Home\",\"item\":\"https:\/\/adriaticpartner.com\/hr\/\"},{\"@type\":\"ListItem\",\"position\":2,\"name\":\"Politika privatosti i kola\u010di\u0107i\"}]},{\"@type\":\"WebSite\",\"@id\":\"https:\/\/adriaticpartner.com\/#website\",\"url\":\"https:\/\/adriaticpartner.com\/\",\"name\":\"Adriatic Partner\",\"description\":\"\",\"publisher\":{\"@id\":\"https:\/\/adriaticpartner.com\/#organization\"},\"potentialAction\":[{\"@type\":\"SearchAction\",\"target\":{\"@type\":\"EntryPoint\",\"urlTemplate\":\"https:\/\/adriaticpartner.com\/?s={search_term_string}\"},\"query-input\":\"required name=search_term_string\"}],\"inLanguage\":\"hr\"},{\"@type\":\"Organization\",\"@id\":\"https:\/\/adriaticpartner.com\/#organization\",\"name\":\"Adriatic Partner\",\"url\":\"https:\/\/adriaticpartner.com\/\",\"logo\":{\"@type\":\"ImageObject\",\"inLanguage\":\"hr\",\"@id\":\"https:\/\/adriaticpartner.com\/#\/schema\/logo\/image\/\",\"url\":\"https:\/\/adriaticpartner.com\/wp-content\/uploads\/2021\/02\/logo-final.png\",\"contentUrl\":\"https:\/\/adriaticpartner.com\/wp-content\/uploads\/2021\/02\/logo-final.png\",\"width\":1990,\"height\":458,\"caption\":\"Adriatic Partner\"},\"image\":{\"@id\":\"https:\/\/adriaticpartner.com\/#\/schema\/logo\/image\/\"}}]}<\/script>\r\n<!-- \/ Yoast SEO plugin. -->","yoast_head_json":{"title":"Politika privatosti i kola\u010di\u0107i - Adriatic Partner","description":"Looking for a holiday to Croatia? Adriatic Partner creates bespoke holiday experience. Contact us villa rentals, tours and excursions, gourmet specials...","robots":{"index":"index","follow":"follow","max-snippet":"max-snippet:-1","max-image-preview":"max-image-preview:large","max-video-preview":"max-video-preview:-1"},"canonical":"https:\/\/adriaticpartner.com\/hr\/privacy-policy-and-cookies\/","og_locale":"hr_HR","og_type":"article","og_title":"Politika privatosti i kola\u010di\u0107i - Adriatic Partner","og_description":"Looking for a holiday to Croatia? Adriatic Partner creates bespoke holiday experience. Contact us villa rentals, tours and excursions, gourmet specials...","og_url":"https:\/\/adriaticpartner.com\/hr\/privacy-policy-and-cookies\/","og_site_name":"Adriatic Partner","article_modified_time":"2021-03-11T21:38:46+00:00","og_image":[{"width":1889,"height":977,"url":"https:\/\/adriaticpartner.com\/wp-content\/uploads\/2021\/01\/tours-dubrovnik.jpg","type":"image\/jpeg"}],"twitter_card":"summary_large_image","twitter_misc":{"Procijenjeno vrijeme \u010ditanja":"1 minuta"},"schema":{"@context":"https:\/\/schema.org","@graph":[{"@type":"WebPage","@id":"https:\/\/adriaticpartner.com\/hr\/privacy-policy-and-cookies\/","url":"https:\/\/adriaticpartner.com\/hr\/privacy-policy-and-cookies\/","name":"Politika privatosti i kola\u010di\u0107i - Adriatic Partner","isPartOf":{"@id":"https:\/\/adriaticpartner.com\/#website"},"datePublished":"2021-01-19T14:43:01+00:00","dateModified":"2021-03-11T21:38:46+00:00","description":"Looking for a holiday to Croatia? Adriatic Partner creates bespoke holiday experience. Contact us villa rentals, tours and excursions, gourmet specials...","breadcrumb":{"@id":"https:\/\/adriaticpartner.com\/hr\/privacy-policy-and-cookies\/#breadcrumb"},"inLanguage":"hr","potentialAction":[{"@type":"ReadAction","target":["https:\/\/adriaticpartner.com\/hr\/privacy-policy-and-cookies\/"]}]},{"@type":"BreadcrumbList","@id":"https:\/\/adriaticpartner.com\/hr\/privacy-policy-and-cookies\/#breadcrumb","itemListElement":[{"@type":"ListItem","position":1,"name":"Home","item":"https:\/\/adriaticpartner.com\/hr\/"},{"@type":"ListItem","position":2,"name":"Politika privatosti i kola\u010di\u0107i"}]},{"@type":"WebSite","@id":"https:\/\/adriaticpartner.com\/#website","url":"https:\/\/adriaticpartner.com\/","name":"Adriatic Partner","description":"","publisher":{"@id":"https:\/\/adriaticpartner.com\/#organization"},"potentialAction":[{"@type":"SearchAction","target":{"@type":"EntryPoint","urlTemplate":"https:\/\/adriaticpartner.com\/?s={search_term_string}"},"query-input":"required name=search_term_string"}],"inLanguage":"hr"},{"@type":"Organization","@id":"https:\/\/adriaticpartner.com\/#organization","name":"Adriatic Partner","url":"https:\/\/adriaticpartner.com\/","logo":{"@type":"ImageObject","inLanguage":"hr","@id":"https:\/\/adriaticpartner.com\/#\/schema\/logo\/image\/","url":"https:\/\/adriaticpartner.com\/wp-content\/uploads\/2021\/02\/logo-final.png","contentUrl":"https:\/\/adriaticpartner.com\/wp-content\/uploads\/2021\/02\/logo-final.png","width":1990,"height":458,"caption":"Adriatic Partner"},"image":{"@id":"https:\/\/adriaticpartner.com\/#\/schema\/logo\/image\/"}}]}},"_links":{"self":[{"href":"https:\/\/adriaticpartner.com\/hr\/wp-json\/wp\/v2\/pages\/4094"}],"collection":[{"href":"https:\/\/adriaticpartner.com\/hr\/wp-json\/wp\/v2\/pages"}],"about":[{"href":"https:\/\/adriaticpartner.com\/hr\/wp-json\/wp\/v2\/types\/page"}],"author":[{"embeddable":true,"href":"https:\/\/adriaticpartner.com\/hr\/wp-json\/wp\/v2\/users\/1"}],"replies":[{"embeddable":true,"href":"https:\/\/adriaticpartner.com\/hr\/wp-json\/wp\/v2\/comments?post=4094"}],"version-history":[{"count":1,"href":"https:\/\/adriaticpartner.com\/hr\/wp-json\/wp\/v2\/pages\/4094\/revisions"}],"predecessor-version":[{"id":4095,"href":"https:\/\/adriaticpartner.com\/hr\/wp-json\/wp\/v2\/pages\/4094\/revisions\/4095"}],"wp:attachment":[{"href":"https:\/\/adriaticpartner.com\/hr\/wp-json\/wp\/v2\/media?parent=4094"}],"curies":[{"name":"wp","href":"https:\/\/api.w.org\/{rel}","templated":true}]}}