{"id":4098,"date":"2021-01-19T14:48:10","date_gmt":"2021-01-19T14:48:10","guid":{"rendered":"https:\/\/adriaticpartner.com\/payment-policy\/"},"modified":"2021-03-11T21:51:04","modified_gmt":"2021-03-11T21:51:04","slug":"payment-policy","status":"publish","type":"page","link":"https:\/\/adriaticpartner.com\/hr\/payment-policy\/","title":{"rendered":"Politika pla\u0107anja"},"content":{"rendered":"<p>Rezervacije su potvr\u0111ene po uplati dijela pla\u0107anja ili cjelokupnog pla\u0107anja. Adriatic Partner prihva\u0107a sve uplate putem bankovne transakcije ili vode\u0107e kreditne kartice Visa, MasterCard, American Express and Diners club. Usluga otkazivanja je posebno napomenuta pri ponudi i potvrdi rezervacije.<\/p>\n<p>Kontaktirajte nas na info@adriaticpartner.com za dodatne informacije.<\/p>\n","protected":false},"excerpt":{"rendered":"<p>Rezervacije su potvr\u0111ene po uplati dijela pla\u0107anja ili cjelokupnog pla\u0107anja. Adriatic Partner prihva\u0107a sve uplate putem bankovne transakcije ili vode\u0107e<\/p>\n","protected":false},"author":1,"featured_media":0,"parent":0,"menu_order":0,"comment_status":"closed","ping_status":"closed","template":"page-templates\/simple-page.php","meta":{"footnotes":""},"acf":[],"yoast_head":"<!-- This site is optimized with the Yoast SEO plugin v22.7 - https:\/\/yoast.com\/wordpress\/plugins\/seo\/ -->\r\n<title>Politika pla\u0107anja - Adriatic Partner<\/title>\r\n<meta name=\"description\" content=\"Looking for a holiday to Croatia? Adriatic Partner creates bespoke holiday experience. Contact us villa rentals, tours and excursions, gourmet specials...\" \/>\r\n<meta name=\"robots\" content=\"index, follow, max-snippet:-1, max-image-preview:large, max-video-preview:-1\" \/>\r\n<link rel=\"canonical\" href=\"https:\/\/adriaticpartner.com\/hr\/payment-policy\/\" \/>\r\n<meta property=\"og:locale\" content=\"hr_HR\" \/>\r\n<meta property=\"og:type\" content=\"article\" \/>\r\n<meta property=\"og:title\" content=\"Politika pla\u0107anja - Adriatic Partner\" \/>\r\n<meta property=\"og:description\" content=\"Looking for a holiday to Croatia? Adriatic Partner creates bespoke holiday experience. Contact us villa rentals, tours and excursions, gourmet specials...\" \/>\r\n<meta property=\"og:url\" content=\"https:\/\/adriaticpartner.com\/hr\/payment-policy\/\" \/>\r\n<meta property=\"og:site_name\" content=\"Adriatic Partner\" \/>\r\n<meta property=\"article:modified_time\" content=\"2021-03-11T21:51:04+00:00\" \/>\r\n<meta property=\"og:image\" content=\"https:\/\/adriaticpartner.com\/wp-content\/uploads\/2021\/01\/tours-dubrovnik.jpg\" \/>\r\n\t<meta property=\"og:image:width\" content=\"1889\" \/>\r\n\t<meta property=\"og:image:height\" content=\"977\" \/>\r\n\t<meta property=\"og:image:type\" content=\"image\/jpeg\" \/>\r\n<meta name=\"twitter:card\" content=\"summary_large_image\" \/>\r\n<meta name=\"twitter:label1\" content=\"Procijenjeno vrijeme \u010ditanja\" \/>\n\t<meta name=\"twitter:data1\" content=\"1 minuta\" \/>\r\n<script type=\"application\/ld+json\" class=\"yoast-schema-graph\">{\"@context\":\"https:\/\/schema.org\",\"@graph\":[{\"@type\":\"WebPage\",\"@id\":\"https:\/\/adriaticpartner.com\/hr\/payment-policy\/\",\"url\":\"https:\/\/adriaticpartner.com\/hr\/payment-policy\/\",\"name\":\"Politika pla\u0107anja - Adriatic Partner\",\"isPartOf\":{\"@id\":\"https:\/\/adriaticpartner.com\/#website\"},\"datePublished\":\"2021-01-19T14:48:10+00:00\",\"dateModified\":\"2021-03-11T21:51:04+00:00\",\"description\":\"Looking for a holiday to Croatia? Adriatic Partner creates bespoke holiday experience. Contact us villa rentals, tours and excursions, gourmet specials...\",\"breadcrumb\":{\"@id\":\"https:\/\/adriaticpartner.com\/hr\/payment-policy\/#breadcrumb\"},\"inLanguage\":\"hr\",\"potentialAction\":[{\"@type\":\"ReadAction\",\"target\":[\"https:\/\/adriaticpartner.com\/hr\/payment-policy\/\"]}]},{\"@type\":\"BreadcrumbList\",\"@id\":\"https:\/\/adriaticpartner.com\/hr\/payment-policy\/#breadcrumb\",\"itemListElement\":[{\"@type\":\"ListItem\",\"position\":1,\"name\":\"Home\",\"item\":\"https:\/\/adriaticpartner.com\/hr\/\"},{\"@type\":\"ListItem\",\"position\":2,\"name\":\"Politika pla\u0107anja\"}]},{\"@type\":\"WebSite\",\"@id\":\"https:\/\/adriaticpartner.com\/#website\",\"url\":\"https:\/\/adriaticpartner.com\/\",\"name\":\"Adriatic Partner\",\"description\":\"\",\"publisher\":{\"@id\":\"https:\/\/adriaticpartner.com\/#organization\"},\"potentialAction\":[{\"@type\":\"SearchAction\",\"target\":{\"@type\":\"EntryPoint\",\"urlTemplate\":\"https:\/\/adriaticpartner.com\/?s={search_term_string}\"},\"query-input\":\"required name=search_term_string\"}],\"inLanguage\":\"hr\"},{\"@type\":\"Organization\",\"@id\":\"https:\/\/adriaticpartner.com\/#organization\",\"name\":\"Adriatic Partner\",\"url\":\"https:\/\/adriaticpartner.com\/\",\"logo\":{\"@type\":\"ImageObject\",\"inLanguage\":\"hr\",\"@id\":\"https:\/\/adriaticpartner.com\/#\/schema\/logo\/image\/\",\"url\":\"https:\/\/adriaticpartner.com\/wp-content\/uploads\/2021\/02\/logo-final.png\",\"contentUrl\":\"https:\/\/adriaticpartner.com\/wp-content\/uploads\/2021\/02\/logo-final.png\",\"width\":1990,\"height\":458,\"caption\":\"Adriatic Partner\"},\"image\":{\"@id\":\"https:\/\/adriaticpartner.com\/#\/schema\/logo\/image\/\"}}]}<\/script>\r\n<!-- \/ Yoast SEO plugin. -->","yoast_head_json":{"title":"Politika pla\u0107anja - Adriatic Partner","description":"Looking for a holiday to Croatia? Adriatic Partner creates bespoke holiday experience. Contact us villa rentals, tours and excursions, gourmet specials...","robots":{"index":"index","follow":"follow","max-snippet":"max-snippet:-1","max-image-preview":"max-image-preview:large","max-video-preview":"max-video-preview:-1"},"canonical":"https:\/\/adriaticpartner.com\/hr\/payment-policy\/","og_locale":"hr_HR","og_type":"article","og_title":"Politika pla\u0107anja - Adriatic Partner","og_description":"Looking for a holiday to Croatia? Adriatic Partner creates bespoke holiday experience. Contact us villa rentals, tours and excursions, gourmet specials...","og_url":"https:\/\/adriaticpartner.com\/hr\/payment-policy\/","og_site_name":"Adriatic Partner","article_modified_time":"2021-03-11T21:51:04+00:00","og_image":[{"width":1889,"height":977,"url":"https:\/\/adriaticpartner.com\/wp-content\/uploads\/2021\/01\/tours-dubrovnik.jpg","type":"image\/jpeg"}],"twitter_card":"summary_large_image","twitter_misc":{"Procijenjeno vrijeme \u010ditanja":"1 minuta"},"schema":{"@context":"https:\/\/schema.org","@graph":[{"@type":"WebPage","@id":"https:\/\/adriaticpartner.com\/hr\/payment-policy\/","url":"https:\/\/adriaticpartner.com\/hr\/payment-policy\/","name":"Politika pla\u0107anja - Adriatic Partner","isPartOf":{"@id":"https:\/\/adriaticpartner.com\/#website"},"datePublished":"2021-01-19T14:48:10+00:00","dateModified":"2021-03-11T21:51:04+00:00","description":"Looking for a holiday to Croatia? Adriatic Partner creates bespoke holiday experience. Contact us villa rentals, tours and excursions, gourmet specials...","breadcrumb":{"@id":"https:\/\/adriaticpartner.com\/hr\/payment-policy\/#breadcrumb"},"inLanguage":"hr","potentialAction":[{"@type":"ReadAction","target":["https:\/\/adriaticpartner.com\/hr\/payment-policy\/"]}]},{"@type":"BreadcrumbList","@id":"https:\/\/adriaticpartner.com\/hr\/payment-policy\/#breadcrumb","itemListElement":[{"@type":"ListItem","position":1,"name":"Home","item":"https:\/\/adriaticpartner.com\/hr\/"},{"@type":"ListItem","position":2,"name":"Politika pla\u0107anja"}]},{"@type":"WebSite","@id":"https:\/\/adriaticpartner.com\/#website","url":"https:\/\/adriaticpartner.com\/","name":"Adriatic Partner","description":"","publisher":{"@id":"https:\/\/adriaticpartner.com\/#organization"},"potentialAction":[{"@type":"SearchAction","target":{"@type":"EntryPoint","urlTemplate":"https:\/\/adriaticpartner.com\/?s={search_term_string}"},"query-input":"required name=search_term_string"}],"inLanguage":"hr"},{"@type":"Organization","@id":"https:\/\/adriaticpartner.com\/#organization","name":"Adriatic Partner","url":"https:\/\/adriaticpartner.com\/","logo":{"@type":"ImageObject","inLanguage":"hr","@id":"https:\/\/adriaticpartner.com\/#\/schema\/logo\/image\/","url":"https:\/\/adriaticpartner.com\/wp-content\/uploads\/2021\/02\/logo-final.png","contentUrl":"https:\/\/adriaticpartner.com\/wp-content\/uploads\/2021\/02\/logo-final.png","width":1990,"height":458,"caption":"Adriatic Partner"},"image":{"@id":"https:\/\/adriaticpartner.com\/#\/schema\/logo\/image\/"}}]}},"_links":{"self":[{"href":"https:\/\/adriaticpartner.com\/hr\/wp-json\/wp\/v2\/pages\/4098"}],"collection":[{"href":"https:\/\/adriaticpartner.com\/hr\/wp-json\/wp\/v2\/pages"}],"about":[{"href":"https:\/\/adriaticpartner.com\/hr\/wp-json\/wp\/v2\/types\/page"}],"author":[{"embeddable":true,"href":"https:\/\/adriaticpartner.com\/hr\/wp-json\/wp\/v2\/users\/1"}],"replies":[{"embeddable":true,"href":"https:\/\/adriaticpartner.com\/hr\/wp-json\/wp\/v2\/comments?post=4098"}],"version-history":[{"count":2,"href":"https:\/\/adriaticpartner.com\/hr\/wp-json\/wp\/v2\/pages\/4098\/revisions"}],"predecessor-version":[{"id":4100,"href":"https:\/\/adriaticpartner.com\/hr\/wp-json\/wp\/v2\/pages\/4098\/revisions\/4100"}],"wp:attachment":[{"href":"https:\/\/adriaticpartner.com\/hr\/wp-json\/wp\/v2\/media?parent=4098"}],"curies":[{"name":"wp","href":"https:\/\/api.w.org\/{rel}","templated":true}]}}